{"id":1185,"date":"2017-10-24T12:00:39","date_gmt":"2017-10-24T11:00:39","guid":{"rendered":"https:\/\/jimmobile.be\/fr\/des-forfaits-avantageux"},"modified":"2019-05-09T22:16:43","modified_gmt":"2019-05-09T22:16:43","slug":"des-forfaits-avantageux","status":"publish","type":"page","link":"https:\/\/jimmobile.be\/fr\/des-forfaits-avantageux\/","title":{"rendered":"Des forfaits avantageux"},"content":{"rendered":"<div class=\"title parbase color-jim-blue section\">\n<div class=\"Title \">\n<p>Ton cr\u00e9dit d&rsquo;appel ne sert pas seulement \u00e0 surfer, t\u00e9l\u00e9phoner et envoyer des SMS \u00e0 petit prix. Il te permet aussi d&rsquo;acheter facilement&nbsp;<a href=\"\/fr\/options-et-services-carte-prepayee\/\">des packs avantages<\/a>. Il s&rsquo;agit des forfaits qui te permettent de t\u00e9l\u00e9phoner et de surfer en Belgique et dans l&rsquo;UE \u00e0 meilleur prix encore. Comment faire ? C&rsquo;est tr\u00e8s simple: tu envoies le code du forfait par SMS au 1984, et ton forfait est imm\u00e9diatement activ\u00e9. Le prix du forfait est automatiquement d\u00e9duit de ton cr\u00e9dit d&rsquo;appel. Apr\u00e8s activation, ton forfait est valable pendant 1 mois.<\/p>\n<h2 style=\"text-align: center;\"><strong style=\"color: #385e9d; font-size: 18px;\">Surfer en Belgique et dans la zone UE<\/strong><\/h2>\n<\/div>\n<\/div>\n<div class=\"text parbase section\">\n<div class=\"text parbase section\">\n<p style=\"text-align: center;\">Ajouter plus de m\u00e9gabytes \u00e0 ta carte SIM pr\u00e9pay\u00e9e ? Active alors l&rsquo;un des packs suivants.<\/p>\n<\/div>\n<table>\n<tbody>\n<tr>\n<td><strong>Volume<\/strong><\/td>\n<td><strong>Prix<\/strong><\/td>\n<td><strong>Comment activer ?<\/strong><\/td>\n<\/tr>\n<tr>\n<td>1 GB<\/td>\n<td>\u0080 5<\/td>\n<td>Envoie&nbsp;<strong>MEGASURF<\/strong> par sms au 1984<\/td>\n<\/tr>\n<tr>\n<td>2 GB<\/td>\n<td>\u0080 10<\/td>\n<td>Envoie&nbsp;<strong>SURFMAX<\/strong>&nbsp;par sms au 1984<\/td>\n<\/tr>\n<\/tbody>\n<\/table>\n<\/div>\n<div class=\"horizontal_spacer parbase section\"><\/div>\n<div class=\"horizontal_spacer parbase section\">\n<div class=\"title parbase color-jim-blue section\">\n<div class=\"Title \">\n<p style=\"text-align: center;\"><span style=\"color: #385e9d;\"><strong><b>T\u00e9l\u00e9phoner \u00e0 petit prix en Belgique et dans la zone UE<\/b><\/strong><\/span><\/p>\n<\/div>\n<\/div>\n<div class=\"text parbase section\">\n<p style=\"text-align: center;\">Ajouter plus de minutes d&rsquo;appel \u00e0 ta carte SIM pr\u00e9pay\u00e9e ? Active alors l&rsquo;un des packs suivants.<\/p>\n<\/div>\n<\/div>\n<div class=\"text parbase section\">\n<table width=\"100%\" cellspacing=\"0\" cellpadding=\"1\" border=\"1\">\n<tbody>\n<tr>\n<td><b>Minutes<\/b><\/td>\n<td><b>Prix<\/b><\/td>\n<td><strong>Comment activer?<\/strong><\/td>\n<\/tr>\n<tr>\n<td>25 min.<\/td>\n<td>&nbsp;\u0080 5<\/td>\n<td>Envoie&nbsp;<strong>ALL<\/strong> par sms au 1984<\/td>\n<\/tr>\n<tr>\n<td>60 min.<\/td>\n<td>\u0080 10<\/td>\n<td>Envoie&nbsp;<strong>ALLMAX<\/strong>&nbsp;par sms au 1984<\/td>\n<\/tr>\n<\/tbody>\n<\/table>\n<p><b>&nbsp;<\/b><\/p>\n<div class=\"alternatives-2\">\n<div><a class=\"cta-button\" href=\"\/fr\/options-et-services-carte-prepayee\/\">D\u00e9couvre tous les packs avantageux<\/a><\/div>\n<div><a class=\"cta-button\" href=\"\/fr\/e-services\/#!\/registration\/sales\">Commande ta carte SIM pr\u00e9pay\u00e9e<\/a><\/div>\n<\/div>\n<\/div>\n<p>&nbsp;<\/p>\n<h6 style=\"text-align: left;\"><strong>Conditions<br \/>\n<\/strong>Tous les forfaits doivent \u00eatre combin\u00e9s avec un plan tarifaire JIM Mobile. Le prix du forfait est directement d\u00e9duit de ton cr\u00e9dit d&rsquo;appel. Les forfaits de donn\u00e9es sont r\u00e9serv\u00e9s exclusivement \u00e0 une utilisation par GSM ou smartphone ; toute autre utilisation est interdite. Les forfaits ne sont pas valables pour les num\u00e9ros sp\u00e9ciaux et les services de tiers. Les forfaits sont valables 30 jours apr\u00e8s l&rsquo;activation.<\/h6>\n","protected":false},"excerpt":{"rendered":"Ton cr\u00e9dit d&rsquo;appel ne sert pas seulement \u00e0 surfer, t\u00e9l\u00e9phoner et envoyer des SMS \u00e0 petit prix. Il te permet aussi d&rsquo;acheter facilement&nbsp;des packs avantages. Il s&rsquo;agit des forfaits qui te permettent de t\u00e9l\u00e9phoner et de surfer en Belgique et dans l&rsquo;UE \u00e0 meilleur prix encore. Comment faire ? C&rsquo;est tr\u00e8s simple: tu envoies le [&hellip;]","protected":false},"author":11,"featured_media":1579,"parent":0,"menu_order":0,"comment_status":"closed","ping_status":"closed","template":"","meta":{"footnotes":"","_locale":"fr_BE","_original_post":"1072"},"yst_prominent_words":[],"acf":[],"_links":{"self":[{"href":"https:\/\/jimmobile.be\/wp-json\/wp\/v2\/pages\/1185"}],"collection":[{"href":"https:\/\/jimmobile.be\/wp-json\/wp\/v2\/pages"}],"about":[{"href":"https:\/\/jimmobile.be\/wp-json\/wp\/v2\/types\/page"}],"author":[{"embeddable":true,"href":"https:\/\/jimmobile.be\/wp-json\/wp\/v2\/users\/11"}],"replies":[{"embeddable":true,"href":"https:\/\/jimmobile.be\/wp-json\/wp\/v2\/comments?post=1185"}],"version-history":[{"count":9,"href":"https:\/\/jimmobile.be\/wp-json\/wp\/v2\/pages\/1185\/revisions"}],"predecessor-version":[{"id":4057,"href":"https:\/\/jimmobile.be\/wp-json\/wp\/v2\/pages\/1185\/revisions\/4057"}],"wp:featuredmedia":[{"embeddable":true,"href":"https:\/\/jimmobile.be\/wp-json\/wp\/v2\/media\/1579"}],"wp:attachment":[{"href":"https:\/\/jimmobile.be\/wp-json\/wp\/v2\/media?parent=1185"}],"wp:term":[{"taxonomy":"yst_prominent_words","embeddable":true,"href":"https:\/\/jimmobile.be\/wp-json\/wp\/v2\/yst_prominent_words?post=1185"}],"curies":[{"name":"wp","href":"https:\/\/api.w.org\/{rel}","templated":true}]}}