{"id":1421,"date":"2017-10-23T10:50:57","date_gmt":"2017-10-23T09:50:57","guid":{"rendered":"https:\/\/jimmobile.be\/fr\/maximumbedrag-instellen-voor-je-abonnement"},"modified":"2017-11-07T16:38:32","modified_gmt":"2017-11-07T15:38:32","slug":"configurer-ton-montant-maximum","status":"publish","type":"page","link":"https:\/\/jimmobile.be\/fr\/configurer-ton-montant-maximum\/","title":{"rendered":"Configure un montant maximum pour ton abonnement"},"content":{"rendered":"<h1><strong>Nouveau\u00a0: un montant maximum pour ton abonnement\u00a0!<\/strong><\/h1>\n<p><span style=\"font-weight: 400;\">Le c\u00f4t\u00e9 sympa d\u0092un abonnement, c\u0092est que tu peux toujours continuer \u00e0 appeler et \u00e0 surfer. Mais cela signifie aussi que tu risques de consommer bien plus que ce que te permet ton abonnement avec des factures plus \u00e9lev\u00e9es \u00e0 la cl\u00e9. Pas chouette ni pour toi, ni pour nous\u00a0! Voil\u00e0 pourquoi nous fixons dor\u00e9navant, chez JIM Mobile, un montant maximum pour ton abonnement. Si tu d\u00e9passes ce montant, tu ne pourras plus surfer, ni appeler durant ce mois. Par contre, tu pourras toujours envoyer des SMS. <\/span><\/p>\n<p><b>Comment modifier ton montant maximum\u00a0?<\/b><\/p>\n<p><span style=\"font-weight: 400;\">Tu souhaites conna\u00eetre ton montant maximum ? Envoie le mot CONSULT par SMS au 1984. Tu souhaites adapter ton montant maximum\u00a0? Alors, contacte le helpdesk au num\u00e9ro gratuit 1984 (ou 0456 19 19 84 si tu n&rsquo;appelle pas avec ton num\u00e9ro JIM Mobile) ou en envoyant un e-mail \u00e0 <\/span><a href=\"mailto:info@jimmobile.be\"><span style=\"font-weight: 400;\">info@jimmobile.be<\/span><\/a><span style=\"font-weight: 400;\">. <\/span><\/p>\n<p><b>J\u0092avais d\u00e9j\u00e0 fix\u00e9 un montant maximum. Qu\u0092est-ce qui se passe maintenant\u00a0?<\/b><span style=\"font-weight: 400;\">\u00a0<\/span><\/p>\n<p><span style=\"font-weight: 400;\">Tu avais d\u00e9j\u00e0 fix\u00e9 un montant par le pass\u00e9 ? Alors, ce montant sera converti automatiquement, \u00e0 l\u0092exception des montants de 125 \u0080, 175 \u0080, 225 \u0080 et 275 \u0080. Tu avais fix\u00e9 l\u0092un de ces montants par le pass\u00e9\u00a0? Alors, ils ont \u00e9t\u00e9 convertis automatiquement comme suit\u00a0: 125 \u0080 \u00e0 100 \u0080, 175 \u0080 \u00e0 150 \u0080, 225 \u0080 \u00e0 200 \u0080 et 275 \u0080 \u00e0 250 \u0080.<\/span><\/p>\n<p><b>Comment cela fonctionne-t-il concr\u00e8tement ?<\/b><\/p>\n<p><span style=\"font-weight: 400;\">Si tu consommes plus que ce que te permet ton abonnement (hors forfait donc), tu recevras automatiquement un SMS de notre part. Pour toute tranche de 10 \u0080 consomm\u00e9s en plus, tu recevras \u00e0 nouveau un SMS jusqu\u0092\u00e0 ce que tu aies atteint le montant maximum qui a \u00e9t\u00e9 fix\u00e9.\u00a0<\/span><span lang=\"fr\">Par exemple, si tu as un abonnement de 10 \u0080 \/ mois, tu peux d\u00e9penser un maximum de 50 \u0080 en plus de ton abonnement avec un montant maximum de 50 \u0080. Donc, au total, tu peux d\u00e9penser 60 \u0080.<\/span><\/p>\n<p><span style=\"font-weight: 400;\">Tu ne souhaites pas recevoir ces SMS\u00a0? Alors, envoie YESALERT ou NOALERT au 1984.<\/span><\/p>\n<p style=\"text-align: left;\">\n","protected":false},"excerpt":{"rendered":"Nouveau\u00a0: un montant maximum pour ton abonnement\u00a0! Le c\u00f4t\u00e9 sympa d\u0092un abonnement, c\u0092est que tu peux toujours continuer \u00e0 appeler et \u00e0 surfer. Mais cela signifie aussi que tu risques de consommer bien plus que ce que te permet ton abonnement avec des factures plus \u00e9lev\u00e9es \u00e0 la cl\u00e9. Pas chouette ni pour toi, ni [&hellip;]","protected":false},"author":11,"featured_media":0,"parent":0,"menu_order":0,"comment_status":"closed","ping_status":"closed","template":"","meta":{"footnotes":"","_locale":"fr_BE","_original_post":"1238"},"yst_prominent_words":[],"acf":[],"_links":{"self":[{"href":"https:\/\/jimmobile.be\/wp-json\/wp\/v2\/pages\/1421"}],"collection":[{"href":"https:\/\/jimmobile.be\/wp-json\/wp\/v2\/pages"}],"about":[{"href":"https:\/\/jimmobile.be\/wp-json\/wp\/v2\/types\/page"}],"author":[{"embeddable":true,"href":"https:\/\/jimmobile.be\/wp-json\/wp\/v2\/users\/11"}],"replies":[{"embeddable":true,"href":"https:\/\/jimmobile.be\/wp-json\/wp\/v2\/comments?post=1421"}],"version-history":[{"count":6,"href":"https:\/\/jimmobile.be\/wp-json\/wp\/v2\/pages\/1421\/revisions"}],"predecessor-version":[{"id":2168,"href":"https:\/\/jimmobile.be\/wp-json\/wp\/v2\/pages\/1421\/revisions\/2168"}],"wp:attachment":[{"href":"https:\/\/jimmobile.be\/wp-json\/wp\/v2\/media?parent=1421"}],"wp:term":[{"taxonomy":"yst_prominent_words","embeddable":true,"href":"https:\/\/jimmobile.be\/wp-json\/wp\/v2\/yst_prominent_words?post=1421"}],"curies":[{"name":"wp","href":"https:\/\/api.w.org\/{rel}","templated":true}]}}