{"id":1441,"date":"2017-10-24T11:54:00","date_gmt":"2017-10-24T10:54:00","guid":{"rendered":"https:\/\/jimmobile.be\/fr\/configurer-linternet-mobile"},"modified":"2025-12-19T14:31:03","modified_gmt":"2025-12-19T14:31:03","slug":"configurer-linternet-mobile","status":"publish","type":"page","link":"https:\/\/jimmobile.be\/fr\/configurer-linternet-mobile\/","title":{"rendered":"Configurer l&rsquo;internet mobile"},"content":{"rendered":"<h1><b>Configurer l&rsquo;internet mobile<\/b><\/h1>\n<p><span style=\"font-weight: 400;\">\u00c0 partir du 29\/10\/2017, JIM Mobile fonctionnera avec une nouvelle plate-forme technique. Voil\u00e0 pourquoi il est essentiel de reconfigurer les param\u00e8tres de ton internet mobile. Si tu ne le fais pas, tu ne pourras plus surfer dans quelques jours.<\/span><\/p>\n<p><b>Comment configurer ton internet mobile ?<\/b><\/p>\n<p style=\"text-align: center;\"><span style=\"font-weight: 400;\">Nous te conseillons de le faire via un ordinateur avec ton smartphone \u00e0 port\u00e9e de main. Clique sur le bouton ci-dessous et suis les \u00e9tapes pour configurer l&rsquo;Internet mobile. Cela prendra au maximum 30 secondes.<\/span><\/p>\n<p>Si cela ne fonctionne toujours pas, envoie un e-mail \u00e0 notre helpdesk \u00e0 l&rsquo;adresse info@jimmobile.be.<\/p>\n<p><strong><a class=\"cta-button\" href=\"https:\/\/mobilevikings.be\/fr\/setup\/\">Configurer ton internet mobile<\/a><\/strong><\/p>\n","protected":false},"excerpt":{"rendered":"Configurer l&rsquo;internet mobile \u00c0 partir du 29\/10\/2017, JIM Mobile fonctionnera avec une nouvelle plate-forme technique. Voil\u00e0 pourquoi il est essentiel de reconfigurer les param\u00e8tres de ton internet mobile. Si tu ne le fais pas, tu ne pourras plus surfer dans quelques jours. Comment configurer ton internet mobile ? Nous te conseillons de le faire via [&hellip;]","protected":false},"author":11,"featured_media":1579,"parent":0,"menu_order":0,"comment_status":"closed","ping_status":"closed","template":"","meta":{"footnotes":"","_locale":"fr_BE","_original_post":"1428"},"yst_prominent_words":[],"acf":[],"_links":{"self":[{"href":"https:\/\/jimmobile.be\/wp-json\/wp\/v2\/pages\/1441"}],"collection":[{"href":"https:\/\/jimmobile.be\/wp-json\/wp\/v2\/pages"}],"about":[{"href":"https:\/\/jimmobile.be\/wp-json\/wp\/v2\/types\/page"}],"author":[{"embeddable":true,"href":"https:\/\/jimmobile.be\/wp-json\/wp\/v2\/users\/11"}],"replies":[{"embeddable":true,"href":"https:\/\/jimmobile.be\/wp-json\/wp\/v2\/comments?post=1441"}],"version-history":[{"count":12,"href":"https:\/\/jimmobile.be\/wp-json\/wp\/v2\/pages\/1441\/revisions"}],"predecessor-version":[{"id":4748,"href":"https:\/\/jimmobile.be\/wp-json\/wp\/v2\/pages\/1441\/revisions\/4748"}],"wp:featuredmedia":[{"embeddable":true,"href":"https:\/\/jimmobile.be\/wp-json\/wp\/v2\/media\/1579"}],"wp:attachment":[{"href":"https:\/\/jimmobile.be\/wp-json\/wp\/v2\/media?parent=1441"}],"wp:term":[{"taxonomy":"yst_prominent_words","embeddable":true,"href":"https:\/\/jimmobile.be\/wp-json\/wp\/v2\/yst_prominent_words?post=1441"}],"curies":[{"name":"wp","href":"https:\/\/api.w.org\/{rel}","templated":true}]}}