{"id":1447,"date":"2017-10-24T12:04:25","date_gmt":"2017-10-24T11:04:25","guid":{"rendered":"https:\/\/jimmobile.be\/fr\/jim-mobile-herlaadtickets"},"modified":"2017-10-25T19:18:28","modified_gmt":"2017-10-25T18:18:28","slug":"jim-mobile-herlaadtickets","status":"publish","type":"page","link":"https:\/\/jimmobile.be\/fr\/jim-mobile-herlaadtickets\/","title":{"rendered":"Tickets de recharge JIM Mobile"},"content":{"rendered":"<h1><strong>Nouveau\u00a0: tickets de recharge JIM Mobile<\/strong><\/h1>\n<h1><\/h1>\n<p><span style=\"font-weight: 400;\">Bonne nouvelle ! \u00c0 partir du 29\/10\/2017, <strong>JIM Mobile aura ses propres tickets de recharge.<\/strong> Pr\u00e9cise donc bien, dans ton point de vente, que tu d\u00e9sires un ticket de recharge JIM Mobile pour recharger ta carte SIM. <strong>Recharger avec un ticket de recharge BASE ne sera plus possible.<\/strong> Les tickets de recharge JIM Mobile seront en vente dans plus de 1 000 points de vente tels que des supermarch\u00e9s, stations-services, night shops et librairies pr\u00e8s de chez toi. <\/span><span style=\"font-weight: 400;\"><br \/>\n<\/span><span style=\"font-weight: 400;\"><br \/>\n<\/span><span style=\"font-weight: 400;\"><a href=\"\/fr\/shop-locator\/\">Ici, tu trouveras un aper\u00e7u de nos points de vente o\u00f9 tu peux acheter un ticket de recharge JIM Mobile.<\/a> <\/span><span style=\"font-weight: 400;\"><br \/>\n<\/span><span style=\"font-weight: 400;\"><br \/>\n<\/span><\/p>\n<p><strong>Tu as achet\u00e9 un ticket de recharge BASE pour recharger une carte SIM JIM Mobile ?<br \/>\n<\/strong><span style=\"font-weight: 400;\"><br \/>\n<\/span><span style=\"font-weight: 400;\">Alors, appelle le num\u00e9ro gratuit 1984 et choisis l\u0092option 1 pour recharger ta carte SIM JIM Mobile avec un ticket de recharge BASE. Attention, il s\u0092agit d\u0092un service temporaire. Nous v\u00e9rifierons ton code de recharge BASE et ton num\u00e9ro de GSM. Si les deux sont corrects, tu recevras par SMS un nouveau code de recharge JIM Mobile. Attention, il se peut que tu doives patienter un peu avant de recevoir ton code (maximum 30 minutes). <\/span><span style=\"font-weight: 400;\"><br \/>\n<\/span><\/p>\n<p><strong>Recharger en ligne = deux fois plus de MB<\/strong><span style=\"font-weight: 400;\"><br \/>\n<\/span><span style=\"font-weight: 400;\"><br \/>\n<\/span><span style=\"font-weight: 400;\">Nous savons que l\u0092internet mobile est important \u00e0 tes yeux. Voil\u00e0 pourquoi JIM Mobile t\u0092offre, \u00e0 chaque recharge, via le site Internet ou l\u0092appli JIM Mobile, deux fois plus de m\u00e9gabytes gratuits. De quoi partager, liker, regarder des vid\u00e9os YouTube ou \u00e9couter de la musique deux fois plus via <a href=\"\/fr\/oed-4g\/\">notre r\u00e9seau 4G super puissant. <\/a><\/span><span style=\"font-weight: 400;\"><br \/>\n<\/span><\/p>\n","protected":false},"excerpt":{"rendered":"Nouveau\u00a0: tickets de recharge JIM Mobile Bonne nouvelle ! \u00c0 partir du 29\/10\/2017, JIM Mobile aura ses propres tickets de recharge. Pr\u00e9cise donc bien, dans ton point de vente, que tu d\u00e9sires un ticket de recharge JIM Mobile pour recharger ta carte SIM. Recharger avec un ticket de recharge BASE ne sera plus possible. Les [&hellip;]","protected":false},"author":11,"featured_media":1579,"parent":0,"menu_order":0,"comment_status":"closed","ping_status":"closed","template":"","meta":{"footnotes":"","_locale":"fr_BE","_original_post":"1444"},"yst_prominent_words":[],"acf":[],"_links":{"self":[{"href":"https:\/\/jimmobile.be\/wp-json\/wp\/v2\/pages\/1447"}],"collection":[{"href":"https:\/\/jimmobile.be\/wp-json\/wp\/v2\/pages"}],"about":[{"href":"https:\/\/jimmobile.be\/wp-json\/wp\/v2\/types\/page"}],"author":[{"embeddable":true,"href":"https:\/\/jimmobile.be\/wp-json\/wp\/v2\/users\/11"}],"replies":[{"embeddable":true,"href":"https:\/\/jimmobile.be\/wp-json\/wp\/v2\/comments?post=1447"}],"version-history":[{"count":4,"href":"https:\/\/jimmobile.be\/wp-json\/wp\/v2\/pages\/1447\/revisions"}],"predecessor-version":[{"id":1702,"href":"https:\/\/jimmobile.be\/wp-json\/wp\/v2\/pages\/1447\/revisions\/1702"}],"wp:featuredmedia":[{"embeddable":true,"href":"https:\/\/jimmobile.be\/wp-json\/wp\/v2\/media\/1579"}],"wp:attachment":[{"href":"https:\/\/jimmobile.be\/wp-json\/wp\/v2\/media?parent=1447"}],"wp:term":[{"taxonomy":"yst_prominent_words","embeddable":true,"href":"https:\/\/jimmobile.be\/wp-json\/wp\/v2\/yst_prominent_words?post=1447"}],"curies":[{"name":"wp","href":"https:\/\/api.w.org\/{rel}","templated":true}]}}