{"id":1504,"date":"2017-10-24T11:43:12","date_gmt":"2017-10-24T10:43:12","guid":{"rendered":"https:\/\/jimmobile.be\/fr\/standaard-abonnement"},"modified":"2019-01-10T16:40:27","modified_gmt":"2019-01-10T15:40:27","slug":"standaard-abonnement","status":"publish","type":"page","link":"https:\/\/jimmobile.be\/fr\/standaard-abonnement\/","title":{"rendered":"abonnement standard"},"content":{"rendered":"<h1><strong>Ton abonnement JIM Mobile a \u00e9t\u00e9 renouvel\u00e9<\/strong><\/h1>\n<p><span style=\"font-weight: 400;\">\u00c0 partir du 29\/10\/2017, ce sera ton nouvel abonnement JIM Mobile. <\/span><\/p>\n<p>&nbsp;<\/p>\n<p><!-- START PART [vergelijking-std-abonnementen-fr] [2013] --><div class=\"alternatives-3\">\r\n    <div>\r\n\r\n        <img class=\"alignnone size-full wp-image-1390\" src=\"\/\/ire-s3-prod-unl-jim-web.s3.eu-west-1.amazonaws.com\/content\/uploads\/2017\/10\/19191538\/1484472406145-1.png\" alt=\"\" \/>\r\n        <div class=\"feature-cell\" style=\"text-align: center;\"><strong><img class=\"alignnone size-full wp-image-532\" src=\"\/\/ire-s3-prod-unl-jim-web.s3.eu-west-1.amazonaws.com\/content\/uploads\/2017\/04\/14153444\/conversation_ico.png\" alt=\"\" \/>SMS illimit\u00e9s<\/strong><\/div>\r\n        <div class=\"hr-divider\"><\/div>\r\n        <div class=\"feature-cell\" style=\"text-align: center;\"><strong><img class=\"alignnone size-full wp-image-533\" src=\"\/\/ire-s3-prod-unl-jim-web.s3.eu-west-1.amazonaws.com\/content\/uploads\/2017\/04\/14153445\/phone_ico.png\" alt=\"\" \/>90 min.\r\n        <\/strong><br \/>\r\n            vers JIM Mobile<\/div>\r\n        <div class=\"hr-divider\"><\/div>\r\n        <div class=\"feature-cell\" style=\"text-align: center;\"><strong><img class=\"alignnone size-full wp-image-533\" src=\"\/\/ire-s3-prod-unl-jim-web.s3.eu-west-1.amazonaws.com\/content\/uploads\/2017\/04\/14153445\/phone_ico.png\" alt=\"\" \/>90 min.\r\n        <\/strong><br \/>\r\n            vers tous les r\u00e9seaux<\/div>\r\n        <div class=\"hr-divider\"><\/div>\r\n        <div class=\"feature-cell\" style=\"text-align: center;\"><img class=\"alignnone size-full wp-image-535\" src=\"\/\/ire-s3-prod-unl-jim-web.s3.eu-west-1.amazonaws.com\/content\/uploads\/2017\/04\/14153447\/world_ico.png\" alt=\"\" \/><strong>100MB<\/strong><\/div>\r\n    <\/div>\r\n    <div>\r\n\r\n        <img class=\"alignnone size-full wp-image-1389\" src=\"\/\/ire-s3-prod-unl-jim-web.s3.eu-west-1.amazonaws.com\/content\/uploads\/2017\/10\/19191528\/1484472410115-1.png\" alt=\"\" \/>\r\n        <div class=\"feature-cell\" style=\"text-align: center;\"><strong><img class=\"alignnone size-full wp-image-532\" src=\"\/\/ire-s3-prod-unl-jim-web.s3.eu-west-1.amazonaws.com\/content\/uploads\/2017\/04\/14153444\/conversation_ico.png\" alt=\"\" \/>SMS illimit\u00e9s<\/strong><\/div>\r\n        <div class=\"hr-divider\"><\/div>\r\n        <div class=\"feature-cell\" style=\"text-align: center;\"><strong><img class=\"alignnone size-full wp-image-533\" src=\"\/\/ire-s3-prod-unl-jim-web.s3.eu-west-1.amazonaws.com\/content\/uploads\/2017\/04\/14153445\/phone_ico.png\" alt=\"\" \/>120 min.\r\n        <\/strong><br \/>\r\n            vers JIM Mobile<\/div>\r\n        <div class=\"hr-divider\"><\/div>\r\n        <div class=\"feature-cell\" style=\"text-align: center;\"><strong><img class=\"alignnone size-full wp-image-533\" src=\"\/\/ire-s3-prod-unl-jim-web.s3.eu-west-1.amazonaws.com\/content\/uploads\/2017\/04\/14153445\/phone_ico.png\" alt=\"\" \/>120 min.\r\n        <\/strong><br \/>\r\n            vers tous les r\u00e9seaux<\/div>\r\n        <div class=\"hr-divider\"><\/div>\r\n        <div class=\"feature-cell\" style=\"text-align: center;\"><img class=\"alignnone size-full wp-image-535\" src=\"\/\/ire-s3-prod-unl-jim-web.s3.eu-west-1.amazonaws.com\/content\/uploads\/2017\/04\/14153447\/world_ico.png\" alt=\"\" \/><strong>1GB<\/strong><\/div>\r\n    <\/div>\r\n    <div>\r\n\r\n        <img class=\"alignnone size-full wp-image-1387\" src=\"\/\/ire-s3-prod-unl-jim-web.s3.eu-west-1.amazonaws.com\/content\/uploads\/2017\/10\/19191509\/1484472415271.png\" alt=\"\" \/>\r\n        <div class=\"feature-cell\" style=\"text-align: center;\"><strong><img class=\"alignnone size-full wp-image-532\" src=\"\/\/ire-s3-prod-unl-jim-web.s3.eu-west-1.amazonaws.com\/content\/uploads\/2017\/04\/14153444\/conversation_ico.png\" alt=\"\" \/>SMS illimit\u00e9s<\/strong><\/div>\r\n        <div class=\"hr-divider\"><\/div>\r\n        <div class=\"feature-cell\" style=\"text-align: center;\"><strong><img class=\"alignnone size-full wp-image-533\" src=\"\/\/ire-s3-prod-unl-jim-web.s3.eu-west-1.amazonaws.com\/content\/uploads\/2017\/04\/14153445\/phone_ico.png\" alt=\"\" \/>180 min.\r\n        <\/strong><br \/>\r\n            vers JIM Mobile<\/div>\r\n        <div class=\"hr-divider\"><\/div>\r\n        <div class=\"feature-cell\" style=\"text-align: center;\"><strong><img class=\"alignnone size-full wp-image-533\" src=\"\/\/ire-s3-prod-unl-jim-web.s3.eu-west-1.amazonaws.com\/content\/uploads\/2017\/04\/14153445\/phone_ico.png\" alt=\"\" \/>180 min.\r\n        <\/strong><br \/>\r\n            vers tous les r\u00e9seaux<\/div>\r\n        <div class=\"hr-divider\"><\/div>\r\n        <div class=\"feature-cell\" style=\"text-align: center;\"><img class=\"alignnone size-full wp-image-535\" src=\"\/\/ire-s3-prod-unl-jim-web.s3.eu-west-1.amazonaws.com\/content\/uploads\/2017\/04\/14153447\/world_ico.png\" alt=\"\" \/><strong>1.5Gb<\/strong><\/div>\r\n    <\/div>\r\n<\/div>\r\n<div class=\"alternative-em-block\" style=\"text-align: center;\">\r\n    <h3>Tarifs hors forfait<\/h3>\r\n    10 cent\/MB - 20 cent\/min\r\n\r\n<\/div><!-- END PART [vergelijking-std-abonnementen-fr] [2013] --><\/p>\n<p>&nbsp;<\/p>\n<div class=\"alternative-em-block\"><span style=\"font-weight: 400;\">Tu as souscrit en 2014 un abonnement incluant la promotion \u00ab\u00a0online bonus\u00a0\u00bb ? Alors, tu poss\u00e8des toujours le m\u00eame abonnement, mais avec plus de donn\u00e9es mobiles (10 \u0080 = 200 MB, 15\u00a0\u0080 = 1,5 GB et 20 \u0080 = 2 GB).\u00a0<\/span><\/div>\n<h3><strong>\u00c0 la recherche d\u0092un abonnement offrant une r\u00e9elle libert\u00e9\u00a0?<\/strong><\/h3>\n<h1><strong><a class=\"cta-button\" href=\"\/fr\/abonnement\/\">D\u00e9couvre notre abonnement flexible<\/a><\/strong><\/h1>\n<p><!-- START PART [voettext-postpaid-FR] [1405] --><footer style=\"margin-top: 2.5em;\">\r\n<div>* Offre soumise au <a href=\"\/fr\/conditions-normales-dutilisation-dans-le-cadre-dune-offre-illimitee\/\">conditions d\u0092un usage personnel et priv\u00e9 normal dans le cadre d\u0092une offre illimit\u00e9e<\/a>.<\/div>\r\n<\/footer><footer>\r\n<h5>Conditions et tarifs<\/h5>\r\n<div>Tous les tarifs JIM Mobile sont soumis aux conditions g\u00e9n\u00e9rales de Unleashed S.A., sont r\u00e9serv\u00e9s \u00e0 un usage personnel et priv\u00e9 et sont uniquement d\u0092application pour les appels et les SMS nationaux, hors num\u00e9ros sp\u00e9ciaux et services de tiers. Les SMS, les minutes d\u0092appels et les MB sont valables en Belgique et l'UE mais ne sont pas valables vers les num\u00e9ros sp\u00e9ciaux. Tu peux faire usage des services de tiers et des num\u00e9ros sp\u00e9ciaux: ces usages te seront d\u00e9duits de ton cr\u00e9dit d'appel. Apr\u00e8s la premi\u00e8re minute, tu paies \u00e0 la seconde. Pour conna\u00eetre les tarifs vers les num\u00e9ros sp\u00e9ciaux (070, 077, 0900\u0085), envoie un courriel \u00e0 <a href=\"mailto:info@jimmobile.be\" target=\"_blank\" rel=\"noopener noreferrer\">info@jimmobile.be<\/a> ou appelle le <a href=\"tel:1984\">1984<\/a> (gratuit en Belgique) ou le <a href=\"tel:+32456191984\">+32 (0) 456 19 1984<\/a> chaque jour ouvrable entre 8h30 et 17h. L'avantage social n'est pas disponible sur les tarifs de JIM Mobile.<\/div>\r\n<\/footer><!-- END PART [voettext-postpaid-FR] [1405] --><\/p>\n","protected":false},"excerpt":{"rendered":"Ton abonnement JIM Mobile a \u00e9t\u00e9 renouvel\u00e9 \u00c0 partir du 29\/10\/2017, ce sera ton nouvel abonnement JIM Mobile. &nbsp; &nbsp; Tu as souscrit en 2014 un abonnement incluant la promotion \u00ab\u00a0online bonus\u00a0\u00bb ? Alors, tu poss\u00e8des toujours le m\u00eame abonnement, mais avec plus de donn\u00e9es mobiles (10 \u0080 = 200 MB, 15\u00a0\u0080 = 1,5 GB [&hellip;]","protected":false},"author":11,"featured_media":0,"parent":0,"menu_order":0,"comment_status":"closed","ping_status":"closed","template":"","meta":{"footnotes":"","_locale":"fr_BE","_original_post":"1241"},"yst_prominent_words":[],"acf":[],"_links":{"self":[{"href":"https:\/\/jimmobile.be\/wp-json\/wp\/v2\/pages\/1504"}],"collection":[{"href":"https:\/\/jimmobile.be\/wp-json\/wp\/v2\/pages"}],"about":[{"href":"https:\/\/jimmobile.be\/wp-json\/wp\/v2\/types\/page"}],"author":[{"embeddable":true,"href":"https:\/\/jimmobile.be\/wp-json\/wp\/v2\/users\/11"}],"replies":[{"embeddable":true,"href":"https:\/\/jimmobile.be\/wp-json\/wp\/v2\/comments?post=1504"}],"version-history":[{"count":6,"href":"https:\/\/jimmobile.be\/wp-json\/wp\/v2\/pages\/1504\/revisions"}],"predecessor-version":[{"id":3509,"href":"https:\/\/jimmobile.be\/wp-json\/wp\/v2\/pages\/1504\/revisions\/3509"}],"wp:attachment":[{"href":"https:\/\/jimmobile.be\/wp-json\/wp\/v2\/media?parent=1504"}],"wp:term":[{"taxonomy":"yst_prominent_words","embeddable":true,"href":"https:\/\/jimmobile.be\/wp-json\/wp\/v2\/yst_prominent_words?post=1504"}],"curies":[{"name":"wp","href":"https:\/\/api.w.org\/{rel}","templated":true}]}}