{"id":162,"date":"2017-02-13T13:17:57","date_gmt":"2017-02-13T12:17:57","guid":{"rendered":"https:\/\/jimmobile.be\/fr\/infos-legales"},"modified":"2020-11-20T13:42:37","modified_gmt":"2020-11-20T13:42:37","slug":"infos-legales","status":"publish","type":"page","link":"https:\/\/jimmobile.be\/fr\/infos-legales\/","title":{"rendered":"Infos l\u00e9gales"},"content":{"rendered":"<ul>\n<li><a href=\"\/fr\/conditions-generales-dutilisation-du-site-web\">Conditions g\u00e9n\u00e9rales d\u0092utilisation du site web<\/a><\/li>\n<li><a href=\"https:\/\/fakta.mobilevikings.be\/legal-documents\/jim\/terms-and-conditions\/?language=fr\">Conditions g\u00e9n\u00e9rales JIM Mobile<\/a><\/li>\n<li><a href=\"https:\/\/fakta.mobilevikings.be\/legal-documents\/jim\/privacy-policy\/?language=fr\">Politique vie priv\u00e9e<\/a><\/li>\n<li><a href=\"https:\/\/ire-s3-prod-unl-jim-web.s3.eu-west-1.amazonaws.com\/content\/uploads\/2019\/09\/13111511\/Cookiebeleid_JIMMO_16092019_fr.pdf\">Politique sur les cookies<\/a><\/li>\n<li><a href=\"\/fr\/fiches-dinfo-jim-mobile\/\">Fiches d&rsquo;info<\/a><\/li>\n<li><a href=\"https:\/\/ec.europa.eu\/consumers\/odr\/main\/index.cfm?event=main.home.chooseLanguage\">R\u00e8glement en ligne des litiges<\/a>:<br \/>\n<span style=\"font-size: 16px;\">Evidemment, il est possible que tu aies une plainte. Dans ce cas, n\u0092h\u00e9site pas \u00e0 contacter notre service client\u00e8le au num\u00e9ro 1984 (gratuit pour les clients JIM Mobile), au 0456 19 19 84 ou par email : <a href=\"mailto:info@jimmobile.be\">info@jimmobile.be<\/a>. Tu peux \u00e9galement t\u0092adresser au Service de M\u00e9diation pour les t\u00e9l\u00e9communications par e-mail: <a href=\"mailto:plaintes@mediateurtelecom.be\">plaintes@mediateurtelecom.be<\/a> ou par la poste: <u>Boulevard Roi Albert II 8 bo\u00eete 3, 1000 Bruxelles<\/u>, t\u00e9l. 02 223 06 06. Ou bien tu contactes le <a href=\"https:\/\/ec.europa.eu\/consumers\/odr\/main\/index.cfm?event=main.home.chooseLanguage\">Online Dispute Resolution Platform<\/a>. Si tu souhaites introduire une r\u00e9clamation concernant une commande en ligne.<\/span><\/li>\n<li><a href=\"https:\/\/ire-s3-prod-unl-jim-web.s3.eu-west-1.amazonaws.com\/content\/uploads\/2019\/09\/13113340\/Formulaire-r%C3%A9tractation-_16092019_fr1.pdf\">Droit de r\u00e9traction<\/a><\/li>\n<\/ul>\n","protected":false},"excerpt":{"rendered":"Conditions g\u00e9n\u00e9rales d\u0092utilisation du site web Conditions g\u00e9n\u00e9rales JIM Mobile Politique vie priv\u00e9e Politique sur les cookies Fiches d&rsquo;info R\u00e8glement en ligne des litiges: Evidemment, il est possible que tu aies une plainte. Dans ce cas, n\u0092h\u00e9site pas \u00e0 contacter notre service client\u00e8le au num\u00e9ro 1984 (gratuit pour les clients JIM Mobile), au 0456 19 [&hellip;]","protected":false},"author":12,"featured_media":1579,"parent":0,"menu_order":0,"comment_status":"closed","ping_status":"closed","template":"","meta":{"footnotes":"","_locale":"fr_BE","_original_post":"159"},"yst_prominent_words":[],"acf":[],"_links":{"self":[{"href":"https:\/\/jimmobile.be\/wp-json\/wp\/v2\/pages\/162"}],"collection":[{"href":"https:\/\/jimmobile.be\/wp-json\/wp\/v2\/pages"}],"about":[{"href":"https:\/\/jimmobile.be\/wp-json\/wp\/v2\/types\/page"}],"author":[{"embeddable":true,"href":"https:\/\/jimmobile.be\/wp-json\/wp\/v2\/users\/12"}],"replies":[{"embeddable":true,"href":"https:\/\/jimmobile.be\/wp-json\/wp\/v2\/comments?post=162"}],"version-history":[{"count":46,"href":"https:\/\/jimmobile.be\/wp-json\/wp\/v2\/pages\/162\/revisions"}],"predecessor-version":[{"id":4440,"href":"https:\/\/jimmobile.be\/wp-json\/wp\/v2\/pages\/162\/revisions\/4440"}],"wp:featuredmedia":[{"embeddable":true,"href":"https:\/\/jimmobile.be\/wp-json\/wp\/v2\/media\/1579"}],"wp:attachment":[{"href":"https:\/\/jimmobile.be\/wp-json\/wp\/v2\/media?parent=162"}],"wp:term":[{"taxonomy":"yst_prominent_words","embeddable":true,"href":"https:\/\/jimmobile.be\/wp-json\/wp\/v2\/yst_prominent_words?post=162"}],"curies":[{"name":"wp","href":"https:\/\/api.w.org\/{rel}","templated":true}]}}