{"id":168,"date":"2017-02-13T13:36:07","date_gmt":"2017-02-13T12:36:07","guid":{"rendered":"https:\/\/jimmobile.be\/fr\/conditions-generales-dutilisation-du-site-web"},"modified":"2019-09-13T11:24:30","modified_gmt":"2019-09-13T11:24:30","slug":"conditions-generales-dutilisation-du-site-web","status":"publish","type":"page","link":"https:\/\/jimmobile.be\/fr\/conditions-generales-dutilisation-du-site-web\/","title":{"rendered":"Conditions generales d&rsquo;utilisation de jimmobile.be"},"content":{"rendered":"<p style=\"text-align: left;\">Les services, interfaces et facilit\u00e9s sur ou partie de ce site web et des autres sites web Mobile Vikings S.A. qui y sont li\u00e9s (ci-apr\u00e8s le Site et les Services), vous sont offerts sous r\u00e9serve de votre acceptation des conditions g\u00e9n\u00e9rales d&rsquo;utilisation suivantes (ci-apr\u00e8s les Conditions G\u00e9n\u00e9rales). L&rsquo;utilisation du Site ou des Services implique votre acceptation inconditionnelle de l&rsquo;int\u00e9gralit\u00e9 des pr\u00e9sentes Conditions G\u00e9n\u00e9rales. Si vous n&rsquo;acceptez pas une ou plusieurs des Conditions G\u00e9n\u00e9rales, vous \u00eates pri\u00e9 de ne faire usage ni du Site ni des Services.<\/p>\n<div class=\"content-blocks\">\n<div class=\"par parsys\">\n<div class=\"text parbase section\">\n<p>Le Site est cr\u00e9\u00e9 et administr\u00e9 par Mobile Vikings S.A., Corda Campus 5, Kempische steenweg 309\/1, 3500 Hasselt, RPR (Hasselt) BTW BE 0886 946 917, <a href=\"mailto:contact@mobilevikings.be\">contact@mobilevikings.be<\/a>, KBC BE81 7370 2009 6524.<\/p>\n<p>Les activit\u00e9s de Mobile Vikings S.A. sont soumises \u00e0 la surveillance de l&rsquo;Institut belge des services postaux et des t\u00e9l\u00e9communications (IBPT), Ellips Building &#8211; B\u00e2timent C, Boulevard du Roi Albert II, 35, 1030 Bruxelles, tel. +32 2 226 88 88, fax +32 2 226 88 77.<br \/>\n<u><\/u><\/p>\n<p><b>1. Conditions sp\u00e9ciales et modifications<\/b><br \/>\nCertains emplacements du Site ou certains Services peuvent \u00eatre r\u00e9gis par des conditions sp\u00e9ciales. L&rsquo;utilisation desdits emplacements ou Services implique votre acceptation inconditionnelle de l&rsquo;int\u00e9gralit\u00e9 de ces conditions sp\u00e9ciales. En cas de contradiction entre les Conditions G\u00e9n\u00e9rales et les conditions sp\u00e9ciales, les conditions sp\u00e9ciales pr\u00e9vaudront.<br \/>\nMobile Vikings S.A. est autoris\u00e9e \u00e0 r\u00e9viser, \u00e0 tout moment et sans pr\u00e9avis, tout ou partie du Site, des Conditions G\u00e9n\u00e9rales ou des conditions sp\u00e9ciales. Nous vous conseillons d\u00e8s lors d&rsquo;examiner r\u00e9guli\u00e8rement les Conditions G\u00e9n\u00e9rales et, le cas \u00e9ch\u00e9ant, les conditions sp\u00e9ciales.<\/p>\n<p><b>2. Utilisation du Site<\/b><br \/>\nEn utilisant le Site et\/ou les Services, vous vous engagez :<\/p>\n<p>2.1 \u00e0 vous comporter de fa\u00e7on diligente, tout en respectant les dispositions contractuelles et l\u00e9gales, et, plus particuli\u00e8rement, sans que ces exemples soient exhaustifs, \u00e0 ne pas transmettre, de quelque mani\u00e8re que ce soit, des communications ou informations ill\u00e9gales, mena\u00e7antes, odieuses, vulgaires, harcelantes ou autrement nuisibles;<\/p>\n<p>2.2 \u00e0 ne pas enfreindre ou compromettre la s\u00e9curit\u00e9 du Site ou des Services, par exemple, sans que cette liste soit exhaustive : i) vous connecter ou essayer de vous connecter sur des emplacements s\u00e9curis\u00e9s sans inscription ou autorisation pr\u00e9alable, ou ii) interf\u00e9rer de quelque mani\u00e8re que ce soit dans le but d&rsquo;endommager, de d\u00e9truire ou de perturber le bon fonctionnement du Site, des Services, du r\u00e9seau, du logiciel ou du hardware ;<\/p>\n<p>2.3 \u00e0 traiter comme confidentielle, toute information, en ce compris notamment les mots de passe, \u00e9chang\u00e9e lors d&rsquo;une inscription sur un emplacement s\u00e9curis\u00e9 et \u00e0 informer Mobile Vikings S.A. dans l&rsquo;hypoth\u00e8se o\u00f9 cette information serait connue aupr\u00e8s de tierces personnes;<\/p>\n<p>2.4 \u00e0 ce que toute information transmise \u00e0 Mobile Vikings S.A., de quelque mani\u00e8re et pour quelque but que ce soit, soit compl\u00e8te, correcte et non trompeuse et \u00e0 \u00eatre en droit de transmettre cette information ;<\/p>\n<p>2.5 \u00e0 agir exclusivement \u00e0 des fins personnelles et priv\u00e9es et \u00e0 ne jamais transmettre sans autorisation, quelque soit le biais utilis\u00e9, des informations commerciales ou publicitaires ou des courriers \u00e9lectroniques non sollicit\u00e9s ;<\/p>\n<p>2.6 \u00e0 ne contrevenir ni aux droits de Mobile Vikings S.A., ni \u00e0 ceux de tiers, quels qu&rsquo;ils soient, les droits susmentionn\u00e9s comprenant entre autres les droits intellectuels au sens large, sui generis, de protection de la vie priv\u00e9e et de droit \u00e0 l&rsquo;image. Vous utilisez le Site et\/ou les Services, en ce compris notamment les emplacements s\u00e9curis\u00e9s pour lesquels une inscription pr\u00e9alable est requise et toute information directement ou indirectement obtenue par le biais du Site et vous communiquez sur ce Site toute information, confidentielle ou non, \u00e0 vos risques et p\u00e9rils et sous votre pleine et enti\u00e8re responsabilit\u00e9.<\/p>\n<p><b>3. Liens hypertextes<\/b><br \/>\nLe Site peut contenir des liens hypertextes vous renvoyant vers des sites web qui ne sont pas la propri\u00e9t\u00e9 de Mobile Vikings S.A. L&rsquo;utilisation de tels sites est soumise aux conditions d&rsquo;utilisation des tierces propri\u00e9taires ; Mobile Vikings S.A ne contr\u00f4le ni ces sites ni les informations qui y figurent et ne peut donc offrir aucune garantie quant au contenu et\/ ou \u00e0 la pr\u00e9sentation de ces derniers Mobile Vikings S.A ne peut d\u00e8s lors \u00e0 fortiori en aucun cas \u00eatre tenue responsable en cas de dommages, qu&rsquo;ils soient directs, indirects, accessoires ou incidents, r\u00e9sultant de ou li\u00e9s \u00e0 une telle utilisation. Ces liens et sources d&rsquo;information sont mis \u00e0 votre disposition \u00e0 titre indicatif uniquement et n&rsquo;impliquent ni sponsorship, ni soutien, ni affiliation avec aucun d&rsquo;entre ces sites.<br \/>\nIl ne vous est pas permis de placer sur un site web des liens hypertextes renvoyant les visiteurs de ce site web vers le Site sans l&rsquo;autorisation \u00e9crite et pr\u00e9alable de Mobile Vikings S.A.<\/p>\n<p><b>4. Droits intellectuels<\/b><br \/>\nMobile Vikings S.A est propri\u00e9taire du contenu du Site ainsi que des logos, marques, bases de donn\u00e9es, dessins, images, etc. figurant sur celui-ci. Mobile Vikings S.A se r\u00e9serve tous les droits, notamment intellectuels, sur l&rsquo;ensemble des \u00e9l\u00e9ments de son site prot\u00e9g\u00e9s par des droits intellectuels au sens large (en compris notamment droit d&rsquo;auteur, des marques, industriel, \u00e0 l&rsquo;image et sui generis). La reproduction, la repr\u00e9sentation, le transfert, la distribution et l&rsquo;enregistrement desdits \u00e9l\u00e9ments sont interdits, sauf l&rsquo;autorisation \u00e9crite et pr\u00e9alable de Mobile Vikings S.A. Il vous est permis de visualiser, parcourir, et consulter le Site et d&rsquo;en imprimer de brefs extraits dans un but exclusivement personnel et priv\u00e9. Le fait que vous soyez autoris\u00e9 \u00e0 surfer sur le Site n&rsquo;implique nullement qu&rsquo;une quelconque licence sur tout ou partie des \u00e9l\u00e9ments prot\u00e9g\u00e9s par un droit intellectuel dont Mobile Vikings S.A est titulaire vous ait \u00e9t\u00e9 accord\u00e9e ; vous ne disposez donc d&rsquo;aucun droit sur ces derniers.<\/p>\n<p><b>5. Responsabilit\u00e9 de Mobile Vikings S.A<\/b><br \/>\nLa pr\u00e9sentation et le contenu du Site vous sont fournis \u00ab tels quels \u00bb. Mobile Vikings S.A ne garantit ni express\u00e9ment ni implicitement l&rsquo;accessibilit\u00e9 au Site ou aux Services, l&rsquo;exactitude de ces donn\u00e9es, l&rsquo;adaptation \u00e0 un but particulier ou l&rsquo;absence de virus ou d&rsquo;autres \u00e9l\u00e9ments nuisibles Mobile Vikings S.A peut en outre \u00e0 tout moment et sans pr\u00e9avis, retirer l&rsquo;acc\u00e8s au Site ou aux Services, y compris aux emplacements s\u00e9curis\u00e9s. Mobile Vikings S.A ne peut, en aucun cas, \u00eatre tenue responsable des dommages, directs, indirects, accessoires ou incidents, r\u00e9sultant de ou li\u00e9s \u00e0 (i) l&rsquo;utilisation du Site, des Services ou des informations figurant sur le Site, (ii) de l&rsquo;impossibilit\u00e9 d&rsquo;utiliser le Site ou les Services ou (iii) du retrait de l&rsquo;acc\u00e8s au Site ou aux Services. Dans l&rsquo;hypoth\u00e8se o\u00f9 l&rsquo;exclusion ou la limitation de la responsabilit\u00e9 de Mobile Vikings S.A relative \u00e0 un dommage ne serait pas conforme aux dispositions l\u00e9gales, la responsabilit\u00e9 de Mobile Vikings S.A sera limit\u00e9e au maximum autoris\u00e9 par la loi.<\/p>\n<p><b>6. Non respect des Conditions G\u00e9n\u00e9rales ou des conditions sp\u00e9ciales<\/b><br \/>\nSans pr\u00e9judice du droit g\u00e9n\u00e9ral de Mobile Vikings S.A de retirer l&rsquo;acc\u00e8s au Site ou aux Services, y compris aux emplacements s\u00e9curis\u00e9s, vous vous engagez \u00e0 indemniser Mobile Vikings S.A et toute tierce personne pour tout dommage direct ou indirect subi par Mobile Vikings S.A ou un tiers cons\u00e9quemment \u00e0 votre fait\/abstention, notamment en cas de non respect des Conditions G\u00e9n\u00e9rales ou des conditions sp\u00e9ciales r\u00e9gissant le Site.<\/p>\n<p><b>7. Varia<\/b><br \/>\nAu cas o\u00f9 tout ou partie d&rsquo;une clause des Conditions G\u00e9n\u00e9rales serait d\u00e9clar\u00e9e nulle ou inapplicable, elle sera consid\u00e9r\u00e9e comme non \u00e9crite et toutes les autres dispositions des Conditions g\u00e9n\u00e9rales resteront enti\u00e8rement valables et en vigueur. L&rsquo;abstention ou le retard dans l&rsquo;exercice d&rsquo;un droit d\u00e9coulant des Conditions G\u00e9n\u00e9rales ne sera pas consid\u00e9r\u00e9 comme une renonciation audit droit. L&rsquo;abstention ou l&rsquo;exercice partiel d&rsquo;un droit n&#8217;emp\u00eachera pas l&rsquo;exercice ult\u00e9rieur dudit droit ou de tout autre droit d\u00e9coulant des Conditions G\u00e9n\u00e9rales. Les Conditions G\u00e9n\u00e9rales et les conditions sp\u00e9ciales sont r\u00e9gies par et seront interpr\u00e9t\u00e9es conform\u00e9ment au droit belge. Tout litige en rapport avec les Conditions G\u00e9n\u00e9rales est soumis \u00e0 la comp\u00e9tence exclusive des tribunaux de Bruxelles.<\/p>\n<\/div>\n<\/div>\n<\/div>\n","protected":false},"excerpt":{"rendered":"Les services, interfaces et facilit\u00e9s sur ou partie de ce site web et des autres sites web Mobile Vikings S.A. qui y sont li\u00e9s (ci-apr\u00e8s le Site et les Services), vous sont offerts sous r\u00e9serve de votre acceptation des conditions g\u00e9n\u00e9rales d&rsquo;utilisation suivantes (ci-apr\u00e8s les Conditions G\u00e9n\u00e9rales). L&rsquo;utilisation du Site ou des Services implique votre [&hellip;]","protected":false},"author":12,"featured_media":0,"parent":0,"menu_order":0,"comment_status":"closed","ping_status":"closed","template":"legal_page.php","meta":{"footnotes":"","_locale":"fr_BE","_original_post":"168"},"yst_prominent_words":[],"acf":[],"_links":{"self":[{"href":"https:\/\/jimmobile.be\/wp-json\/wp\/v2\/pages\/168"}],"collection":[{"href":"https:\/\/jimmobile.be\/wp-json\/wp\/v2\/pages"}],"about":[{"href":"https:\/\/jimmobile.be\/wp-json\/wp\/v2\/types\/page"}],"author":[{"embeddable":true,"href":"https:\/\/jimmobile.be\/wp-json\/wp\/v2\/users\/12"}],"replies":[{"embeddable":true,"href":"https:\/\/jimmobile.be\/wp-json\/wp\/v2\/comments?post=168"}],"version-history":[{"count":14,"href":"https:\/\/jimmobile.be\/wp-json\/wp\/v2\/pages\/168\/revisions"}],"predecessor-version":[{"id":4396,"href":"https:\/\/jimmobile.be\/wp-json\/wp\/v2\/pages\/168\/revisions\/4396"}],"wp:attachment":[{"href":"https:\/\/jimmobile.be\/wp-json\/wp\/v2\/media?parent=168"}],"wp:term":[{"taxonomy":"yst_prominent_words","embeddable":true,"href":"https:\/\/jimmobile.be\/wp-json\/wp\/v2\/yst_prominent_words?post=168"}],"curies":[{"name":"wp","href":"https:\/\/api.w.org\/{rel}","templated":true}]}}