{"id":1692,"date":"2017-10-25T19:27:41","date_gmt":"2017-10-25T18:27:41","guid":{"rendered":"https:\/\/jimmobile.be\/fr\/methodes-de-recharge-jim-mobile"},"modified":"2019-08-21T09:12:13","modified_gmt":"2019-08-21T09:12:13","slug":"methodes-de-recharge-jim-mobile","status":"publish","type":"page","link":"https:\/\/jimmobile.be\/fr\/methodes-de-recharge-jim-mobile\/","title":{"rendered":"M\u00e9thodes de recharge JIM Mobile"},"content":{"rendered":"<h1>Les m\u00e9thodes de recharge JIM Mobile<\/h1>\n<p>&nbsp;<\/p>\n<p><strong>Sur notre site web&nbsp;<\/strong><\/p>\n<p>Sur notre site web tu peux recharger dans <a class=\"showCustomerZone\">la zone client.<\/a>&nbsp;Clique sur recharger, tape le num\u00e9ro que tu veux recharger et paie avec ta carte bancaire ou de cr\u00e9dit.<\/p>\n<p><strong>Appli JIM Mobile<\/strong><\/p>\n<p>Gr\u00e2ce \u00e0 <a href=\"\/fr\/lappli-jim-mobile\/\">l&rsquo;application JIM Mobile<\/a>, tu peux effectuer une recharge facilement. Le paiement se fait avec l&rsquo;appli mobile banking ou avec l&rsquo;appli Bancontact sur ton smartphone.<\/p>\n<p><strong>Avec un ticket de recharge JIM Mobile<\/strong><\/p>\n<p><a href=\"\/fr\/shop-locator\/\">Tu trouveras nos tickets chez la plupart des marchands de journaux et, en g\u00e9n\u00e9ral, dans les supermarch\u00e9s, les stations-service et les t\u00e9l\u00e9boutiques.<\/a><\/p>\n<div class=\"em-block\" style=\"text-align: center;\">\n<p><strong><span style=\"font-size: 18pt;\">Bon \u00e0 savoir<br \/>\n<\/span><\/strong> Le montant que tu recharges est inscrit en cr\u00e9dit d&rsquo;appel.<br \/>\nSuis ta consommation dans l&rsquo;espace clients, sur l&rsquo;appli JIM Mobile ou en envoyant CONSULT par SMS au 1984.<\/p>\n<\/div>\n","protected":false},"excerpt":{"rendered":"Les m\u00e9thodes de recharge JIM Mobile &nbsp; Sur notre site web&nbsp; Sur notre site web tu peux recharger dans la zone client.&nbsp;Clique sur recharger, tape le num\u00e9ro que tu veux recharger et paie avec ta carte bancaire ou de cr\u00e9dit. Appli JIM Mobile Gr\u00e2ce \u00e0 l&rsquo;application JIM Mobile, tu peux effectuer une recharge facilement. Le [&hellip;]","protected":false},"author":11,"featured_media":0,"parent":0,"menu_order":0,"comment_status":"closed","ping_status":"closed","template":"","meta":{"footnotes":"","_locale":"fr_BE","_original_post":"1690"},"yst_prominent_words":[],"acf":[],"_links":{"self":[{"href":"https:\/\/jimmobile.be\/wp-json\/wp\/v2\/pages\/1692"}],"collection":[{"href":"https:\/\/jimmobile.be\/wp-json\/wp\/v2\/pages"}],"about":[{"href":"https:\/\/jimmobile.be\/wp-json\/wp\/v2\/types\/page"}],"author":[{"embeddable":true,"href":"https:\/\/jimmobile.be\/wp-json\/wp\/v2\/users\/11"}],"replies":[{"embeddable":true,"href":"https:\/\/jimmobile.be\/wp-json\/wp\/v2\/comments?post=1692"}],"version-history":[{"count":3,"href":"https:\/\/jimmobile.be\/wp-json\/wp\/v2\/pages\/1692\/revisions"}],"predecessor-version":[{"id":4341,"href":"https:\/\/jimmobile.be\/wp-json\/wp\/v2\/pages\/1692\/revisions\/4341"}],"wp:attachment":[{"href":"https:\/\/jimmobile.be\/wp-json\/wp\/v2\/media?parent=1692"}],"wp:term":[{"taxonomy":"yst_prominent_words","embeddable":true,"href":"https:\/\/jimmobile.be\/wp-json\/wp\/v2\/yst_prominent_words?post=1692"}],"curies":[{"name":"wp","href":"https:\/\/api.w.org\/{rel}","templated":true}]}}