{"id":193,"date":"2017-02-13T16:28:02","date_gmt":"2017-02-13T15:28:02","guid":{"rendered":"https:\/\/jimmobile.be\/fr\/vie-privee"},"modified":"2018-11-29T13:06:00","modified_gmt":"2018-11-29T12:06:00","slug":"vie-privee","status":"publish","type":"page","link":"https:\/\/jimmobile.be\/fr\/infos-legales\/jusque-decembre-2018\/vie-privee\/","title":{"rendered":"Politique en mati\u00e8re de vie priv\u00e9e et de cookies"},"content":{"rendered":"<div class=\"title parbase color-jim-blue section\">\n<div class=\"Title \">\n<h2>Politique en mati\u00e8re de vie priv\u00e9e et de cookies<\/h2>\n<\/div>\n<\/div>\n<div class=\"text parbase section\">\n<h3><b>Quelques explications sur les informations que nous collectons sur toi.<\/b><\/h3>\n<div class=\"text parbase section\">\n<p><strong>D\u00e9finitions<\/strong><b><br \/>\n<\/b>Dans la pr\u00e9sente Politique en mati\u00e8re de vie priv\u00e9e et de cookies, les termes suivants sont utilis\u00e9s.<\/p>\n<p>\u00ab Utilisateur \u00bb fait r\u00e9f\u00e9rence \u00e0 la personne physique ou morale qui utilise les produits et\/ou services d\u0092Unleashed SA ;<\/p>\n<p>\u00ab Information \u00bb fait r\u00e9f\u00e9rence aux informations relatives aux \u00a0visiteurs de ce site Internet, telles que d\u00e9crites \u00e0 l&rsquo;article 4 ;<\/p>\n<p>\u00ab Produits \u00bb fait r\u00e9f\u00e9rence aux services et aux produits mentionn\u00e9s sur ce site Internet ;<\/p>\n<p>\u00ab Services \u00bb fait r\u00e9f\u00e9rence aux services propos\u00e9s \u00e0 la vente sur ce site Internet ;<\/p>\n<p>\u00ab Unleashed S.A.\u00bb \/ \u00ab nous \u00bb font r\u00e9f\u00e9rence \u00e0 Unleashed S.A., Kempische Steenweg 309\/1, B-3500 Hasselt ; adresse \u00e9lectronique : info@jimmobile.be ; T.V.A. : BE 0886.946.917 ;<\/p>\n<p>\u00ab Site Internet \u00bb fait r\u00e9f\u00e9rence au site Internet de JIM Mobile dont l&rsquo;URL est www.jimmobile.be, ou toute autre URL qui m\u00e8ne au m\u00eame contenu.<\/p>\n<h3 style=\"text-align: left;\"><b>Introduction<\/b><\/h3>\n<p style=\"text-align: left;\">Unleashed S.A. s&rsquo;efforce de proposer le niveau le plus \u00e9lev\u00e9 possible de service \u00e0 ses clients. Pour garantir cette qualit\u00e9, Unleashed S.A. doit collecter certaines informations sur toi. \u00c0 cet \u00e9gard, Unleashed S.A. s&rsquo;engage \u00e0 prot\u00e9ger \u00a0ta vie priv\u00e9e et \u00e0 respecter les lignes directrices de la Loi du 8 d\u00e9cembre 1992 (\u00ab Loi du 8 d\u00e9cembre 1992 relative \u00e0 la protection de la vie priv\u00e9e \u00e0 l&rsquo;\u00e9gard des traitements de donn\u00e9es \u00e0 caract\u00e8re personnel \u00bb) et du r\u00e8glement g\u00e9n\u00e9ral europ\u00e9en sur la protection des donn\u00e9es 2016\/679 du 27 avril 2016.<\/p>\n<h3 style=\"text-align: left;\"><b>Ton autorisation<\/b><\/h3>\n<p>En utilisant ce Site Internet, tu acceptes les pr\u00e9sentes conditions de confidentialit\u00e9 et la mani\u00e8re dont les informations peuvent \u00eatre collect\u00e9es et utilis\u00e9es par Unleashed S.A., ainsi que le transfert \u00e9ventuel de ces donn\u00e9es, tel que d\u00e9crit ci-apr\u00e8s. Il nous est loisible de modifier ces conditions dans le futur. Le cas \u00e9ch\u00e9ant, nous annoncerons les modifications effectu\u00e9es sur le Site Internet.<\/p>\n<h3 style=\"text-align: left;\"><b>Collecte des informations<\/b><\/h3>\n<p>Quand tu t\u0092enregistres, nous devons collecter certaines informations pour terminer l&rsquo;enregistrement. Ces informations feront partie d&rsquo;un dossier permanent reprenant tes transactions avec Unleashed S.A. Ce dossier contient essentiellement les donn\u00e9es suivantes : pr\u00e9nom, nom de famille, adresse, adresse \u00e9lectronique, date de naissance et num\u00e9ro de t\u00e9l\u00e9phone.<\/p>\n<p>Lorsque tu nous envoies un courrier \u00e9lectronique, il est possible que nous te demandions certaines informations pour pouvoir r\u00e9pondre rapidement et correctement \u00e0 tes questions, ou v\u00e9rifier les donn\u00e9es qui figurent dans ton dossier permanent. Ces \u00a0informations peuvent ensuite \u00eatre reprises dans tondossier permanent..<\/p>\n<p>Lorsque tu nous contactes, par quelque canal que ce soit, il est possible que nous ajoutions \u00a0certaines remarques sur ce contact dans ton dossier permanent, si cela s\u0092av\u00e8re n\u00e9cessaire. Cela nous permet de fournir \u00a0un meilleur service \u00e0 nos clients.<\/p>\n<h3 style=\"text-align: left;\"><b>Usage et transfert d&rsquo;informations<\/b><\/h3>\n<ul>\n<li>Tu acceptes que nous te contactions ou que des tiers soigneusement s\u00e9lectionn\u00e9s par nous te contactent de temps \u00e0 autre par courrier \u00e9lectronique, t\u00e9l\u00e9phone, SMS ou via un autre canal \u00a0pour t\u0092informer sur des produits ou \u00a0services qui selon nous pourraient t\u0092int\u00e9resser.<\/li>\n<li>Tu acceptes qu\u0092 Unleashed S.A. t\u0092envoie de temps \u00e0 autre des courriers \u00e9lectroniques et des bulletins d&rsquo;informationcontenant des informations sur \u00a0les produits et les services d&rsquo;Unleashed S.A. Tu as le droit \u00e0 tout moment de demander \u00e0 Unleashed S.A. d&rsquo;arr\u00eater de t\u0092envoyer ces courriers \u00e9lectroniques et ces bulletins d&rsquo;information<\/li>\n<li>Tu acceptes qu&rsquo;Unleashed S.A. utilise ces informations afin de :<\/li>\n<\/ul>\n<ol>\n<li>Traiter tes commandes et tes demandes, , g\u00e9rer les d\u00e9comptes et factures, traiter les factures des prestataires de service et g\u00e9rer les les questions, \u00a0demandes ou plaintes, les proc\u00e9dures juridiques ou toute autre activit\u00e9 administrative ou commerciale.<\/li>\n<li>Mener des \u00e9tudes de march\u00e9 pour t\u0092informer sur nos produits et services, les nouvelles fonctionnalit\u00e9s ou les am\u00e9liorations apport\u00e9es aux produits ou \u00a0services, \u00a0lesoffres sp\u00e9ciales, les r\u00e9ductions et les prix qu&rsquo;Unleashed S.A. estime int\u00e9ressants.<\/li>\n<li>Transmettre des informations conform\u00e9ment aux prescriptions l\u00e9gales, administratives ou r\u00e9glementaires s&rsquo;appliquant \u00e0 Unleashed S.A. ou concernant des litiges l\u00e9gaux, des cas de fraude, des actes criminels ou la poursuite de faussaires (pr\u00e9sum\u00e9s) ou se rapportant \u00e0 des demandes de cr\u00e9dit de l&rsquo;Utilisateur.<\/li>\n<\/ol>\n<h3 style=\"text-align: left;\"><b>Droit d&rsquo;acc\u00e8s<\/b><\/h3>\n<ul>\n<li>Sur demande et sans frais suppl\u00e9mentaires, tu as le droit de t\u0092opposer \u00e0 l&rsquo;utilisation de tes informations \u00e0 caract\u00e8re personnel \u00e0 des fins de marketing direct. Tu peux nous en informer en nous envoyant une lettre \u00e0 l&rsquo;adresse suivante : Unleashed S.A., Kempische Steenweg 309\/1, B-3500 Hasselt, Belgique ou en envoyant un courrier \u00e9lectronique \u00e0 info@jimmobile.be.<\/li>\n<\/ul>\n<ul>\n<li>Sur simple demande, tu as \u00e9galement le droit d&rsquo;acc\u00e9der gratuitement \u00e0 tes informations \u00e0 caract\u00e8re personnel et de les corriger. Tu peux nous contacter \u00e0 l&rsquo;adresse (\u00e9lectronique) mentionn\u00e9e ci-dessus si tu souhaites v\u00e9rifier, modifier ou adaptertes donn\u00e9es.<\/li>\n<\/ul>\n<h3 style=\"text-align: left;\"><b>Cookies<\/b><\/h3>\n<p><strong>Que sont les cookies ?<\/strong><\/p>\n<p>Les cookies sont de petits fragments d&rsquo;information qui sont t\u00e9l\u00e9charg\u00e9s sur l&rsquo;appareil utilis\u00e9 pour consulter un Site Internet. Chaque fois que le m\u00eame Site Internet est consult\u00e9, l&rsquo;appareil est reconnu.<\/p>\n<p>Gr\u00e2ce \u00e0 l\u0092utilisation de cookiesdes informations sur les visites et les visiteurs sont temporairement enregistr\u00e9es par ce Site Internet. D&rsquo;autres Sites Internet peuvent \u00e9galement reconna\u00eetre l&rsquo;appareil utilis\u00e9 gr\u00e2ce au m\u00eame cookie. Pour chaque visite, plusieurs types de cookies peuvent \u00eatre utilis\u00e9s.<\/p>\n<p>Les cookies permettent \u00a0de personnaliser la visite d\u0092un site Internet, par exemple, en :<\/p>\n<ul>\n<li>Reprenant \u00a0les param\u00e8tres de navigation pertinents<\/li>\n<\/ul>\n<ul>\n<li>Enregistrant les pr\u00e9f\u00e9rences du visiteur<\/li>\n<li>Am\u00e9liorant l&rsquo;exp\u00e9rience g\u00e9n\u00e9rale de l&rsquo;utilisateur<\/li>\n<li>Limitant le nombre de publicit\u00e9s affich\u00e9es<\/li>\n<\/ul>\n<p><strong>L&rsquo;utilisation des cookies par Unleashed S.A.<\/strong><\/p>\n<p>Lorsque tu visites le Site Internet, on te demande si, en tant qu\u0092utilisateur, tu acceptes \u00a0qu&rsquo;Unleashed S.A. place des cookies sur ton appareil. Si tu refuses, il est possible que tu ne puisses pas utiliser (convenablement) certaines parties du site Internet. Si tu supprimes par la suite le cookie concern\u00e9 dans ton navigateur, lors de ta prochaine visite, la m\u00eame question te sera pos\u00e9e.<\/p>\n<p>Le Site Internet confronte les informations collect\u00e9es par les cookies aux informations que tu as fournies sur toi, ou aux autres donn\u00e9es que nous avons collect\u00e9es aux fins \u00e9voqu\u00e9es dans la politique de confidentialit\u00e9 d&rsquo;Unleashed S.A.<\/p>\n<p>Unleashed S.A. a recours aux cookies sur son Site Internet pour :<\/p>\n<ul>\n<li>am\u00e9liorer la qualit\u00e9 et les fonctionnalit\u00e9s du Site Internet ;<\/li>\n<li>am\u00e9liorer ton exp\u00e9rience de navigation sur notre Site Internet ;<\/li>\n<li>analyser la fa\u00e7on dont \u00a0les utilisateurs utilisent le Site Internet et pour compiler des statistiques.<\/li>\n<\/ul>\n<\/div>\n","protected":false},"excerpt":{"rendered":"Politique en mati\u00e8re de vie priv\u00e9e et de cookies Quelques explications sur les informations que nous collectons sur toi. D\u00e9finitions Dans la pr\u00e9sente Politique en mati\u00e8re de vie priv\u00e9e et de cookies, les termes suivants sont utilis\u00e9s. \u00ab Utilisateur \u00bb fait r\u00e9f\u00e9rence \u00e0 la personne physique ou morale qui utilise les produits et\/ou services d\u0092Unleashed [&hellip;]","protected":false},"author":12,"featured_media":0,"parent":3285,"menu_order":0,"comment_status":"closed","ping_status":"closed","template":"","meta":{"footnotes":"","_locale":"fr_BE","_original_post":"193"},"yst_prominent_words":[],"acf":[],"_links":{"self":[{"href":"https:\/\/jimmobile.be\/wp-json\/wp\/v2\/pages\/193"}],"collection":[{"href":"https:\/\/jimmobile.be\/wp-json\/wp\/v2\/pages"}],"about":[{"href":"https:\/\/jimmobile.be\/wp-json\/wp\/v2\/types\/page"}],"author":[{"embeddable":true,"href":"https:\/\/jimmobile.be\/wp-json\/wp\/v2\/users\/12"}],"replies":[{"embeddable":true,"href":"https:\/\/jimmobile.be\/wp-json\/wp\/v2\/comments?post=193"}],"version-history":[{"count":4,"href":"https:\/\/jimmobile.be\/wp-json\/wp\/v2\/pages\/193\/revisions"}],"predecessor-version":[{"id":3241,"href":"https:\/\/jimmobile.be\/wp-json\/wp\/v2\/pages\/193\/revisions\/3241"}],"up":[{"embeddable":true,"href":"https:\/\/jimmobile.be\/wp-json\/wp\/v2\/pages\/3285"}],"wp:attachment":[{"href":"https:\/\/jimmobile.be\/wp-json\/wp\/v2\/media?parent=193"}],"wp:term":[{"taxonomy":"yst_prominent_words","embeddable":true,"href":"https:\/\/jimmobile.be\/wp-json\/wp\/v2\/yst_prominent_words?post=193"}],"curies":[{"name":"wp","href":"https:\/\/api.w.org\/{rel}","templated":true}]}}