{"id":2361,"date":"2017-12-08T15:43:16","date_gmt":"2017-12-08T14:43:16","guid":{"rendered":"https:\/\/jimmobile.be\/?page_id=2361"},"modified":"2019-05-09T22:19:49","modified_gmt":"2019-05-09T22:19:49","slug":"comparaison-tarifs","status":"publish","type":"page","link":"https:\/\/jimmobile.be\/fr\/comparaison-tarifs\/","title":{"rendered":"Comparaison Tarifs"},"content":{"rendered":"<div class=\"em-block\" style=\"text-align: center;\">\n<p>Avec la carte pr\u00e9pay\u00e9e JIM Mobile, tu peux appeler, surfer et envoyer des SMS \u00e0 partir du 01\/11\/2018 aux tarifs les plus bas en Belgique : que 1 cent\/SMS, 1 cent\/MB et 8 cent\/min.<\/p>\n<\/div>\n<h3>Fais le test toi-m\u00eame et compare les tarifs standard JIM Mobile avec les tarifs standard des cartes pr\u00e9pay\u00e9es des autres op\u00e9rateurs en Belgique.<\/h3>\n<p>&nbsp;<\/p>\n<table>\n<tbody>\n<tr>\n<td><span style=\"font-size: 14pt;\"><strong>Plan tarifiare<\/strong><\/span><\/td>\n<td><span style=\"font-size: 14pt;\"><strong>prix par SMS<\/strong><\/span><\/td>\n<td><span style=\"font-size: 14pt;\"><strong>prix par MB<\/strong><\/span><\/td>\n<td><span style=\"font-size: 14pt;\"><strong>prix par min.<\/strong><\/span><\/td>\n<\/tr>\n<tr>\n<td><span style=\"font-size: 18pt;\"><strong><span style=\"color: #385e9d;\">JIM Mobile<\/span><\/strong><\/span><\/td>\n<td><span style=\"font-size: 18pt;\"><strong><span style=\"color: #385e9d;\">1 cent\/SMS<\/span><\/strong><\/span><\/td>\n<td><span style=\"font-size: 18pt;\"><strong><span style=\"color: #385e9d;\">1 cent\/MB<\/span><\/strong><\/span><\/td>\n<td><span style=\"font-size: 18pt;\"><strong><span style=\"color: #385e9d;\">8 cent\/min.<\/span><\/strong><\/span><\/td>\n<\/tr>\n<tr>\n<td>Carrefour Mobile<\/td>\n<td>6 cent\/SMS<\/td>\n<td>&nbsp;24 cent\/MB<\/td>\n<td>15 cent\/min.<\/td>\n<\/tr>\n<tr>\n<td>Orange Tempo Easy<\/td>\n<td>&nbsp;10&nbsp;cent\/SMS<\/td>\n<td>&nbsp;10&nbsp;cent\/MB<\/td>\n<td>10 cent\/min.<\/td>\n<\/tr>\n<tr>\n<td>Ello Mobile<\/td>\n<td>&nbsp;&nbsp;8 cent\/SMS<\/td>\n<td>14 cent\/MB<\/td>\n<td>14 cent\/min.<\/td>\n<\/tr>\n<tr>\n<td>Mobile Vikings focus appels<\/td>\n<td>&nbsp;10 cent\/SMS<\/td>\n<td>&nbsp;10 cent\/MB<\/td>\n<td>20 cent\/min.<\/td>\n<\/tr>\n<tr>\n<td>Lyca Mobile<\/td>\n<td>&nbsp;15&nbsp;cent\/SMS<\/td>\n<td>12&nbsp;cent\/MB<\/td>\n<td>15&nbsp;cent\/min.<\/td>\n<\/tr>\n<tr>\n<td>Mobile Vikings focus donn\u00e9es<\/td>\n<td>10 cent\/SMS<\/td>\n<td>&nbsp;10 cent\/MB<\/td>\n<td>40 cent\/min.<\/td>\n<\/tr>\n<tr>\n<td>Orange Tempo Giga<\/td>\n<td>&nbsp;10 cent\/SMS<\/td>\n<td>50 cent\/MB<\/td>\n<td>30 cent\/min.<\/td>\n<\/tr>\n<tr>\n<td>Orange Tempo Touch<\/td>\n<td>&nbsp;12 cent\/SMS<\/td>\n<td>&nbsp;50 cent\/MB<\/td>\n<td>&nbsp;25 cent\/min.<\/td>\n<\/tr>\n<tr>\n<td>BASE<\/td>\n<td>&nbsp;12 cent\/SMS<\/td>\n<td>&nbsp;50&nbsp;cent\/MB<\/td>\n<td>30 cent\/min.<\/td>\n<\/tr>\n<tr>\n<td>Proximus<\/td>\n<td>&nbsp;12 cent\/SMS<\/td>\n<td>&nbsp;50&nbsp;cent\/MB<\/td>\n<td>&nbsp;30&nbsp;cent\/min.<\/td>\n<\/tr>\n<tr>\n<td>Allo RTL (recharche \u00805 &amp; \u0080 10)<\/td>\n<td>&nbsp;12 cent\/SMS<\/td>\n<td>&nbsp;&nbsp;50&nbsp;cent\/MB<\/td>\n<td>&nbsp;20&nbsp;cent\/min.<\/td>\n<\/tr>\n<tr>\n<td>Allo RTL (recharche \u008015 &amp; \u0080 20)<\/td>\n<td>&nbsp;12 cent\/SMS<\/td>\n<td>&nbsp;&nbsp;50&nbsp;cent\/MB<\/td>\n<td>&nbsp;15 cent\/min.<\/td>\n<\/tr>\n<\/tbody>\n<\/table>\n<footer><strong>Tarifs autres op\u00e9rateurs<\/strong><\/p>\n<div>\n<p>Les tarifs des op\u00e9rateurs sont les tarifs applicables des cartes pr\u00e9pay\u00e9es indiqu\u00e9s sur le site des op\u00e9rateurs concern\u00e9s le vendredi 08\/12\/2017.<\/p>\n<\/div>\n<\/footer>\n<p>&nbsp;<\/p>\n","protected":false},"excerpt":{"rendered":"Avec la carte pr\u00e9pay\u00e9e JIM Mobile, tu peux appeler, surfer et envoyer des SMS \u00e0 partir du 01\/11\/2018 aux tarifs les plus bas en Belgique : que 1 cent\/SMS, 1 cent\/MB et 8 cent\/min. Fais le test toi-m\u00eame et compare les tarifs standard JIM Mobile avec les tarifs standard des cartes pr\u00e9pay\u00e9es des autres op\u00e9rateurs [&hellip;]","protected":false},"author":11,"featured_media":0,"parent":0,"menu_order":0,"comment_status":"closed","ping_status":"closed","template":"","meta":{"footnotes":"","_locale":"fr_BE","_original_post":"2349"},"yst_prominent_words":[],"acf":[],"_links":{"self":[{"href":"https:\/\/jimmobile.be\/wp-json\/wp\/v2\/pages\/2361"}],"collection":[{"href":"https:\/\/jimmobile.be\/wp-json\/wp\/v2\/pages"}],"about":[{"href":"https:\/\/jimmobile.be\/wp-json\/wp\/v2\/types\/page"}],"author":[{"embeddable":true,"href":"https:\/\/jimmobile.be\/wp-json\/wp\/v2\/users\/11"}],"replies":[{"embeddable":true,"href":"https:\/\/jimmobile.be\/wp-json\/wp\/v2\/comments?post=2361"}],"version-history":[{"count":10,"href":"https:\/\/jimmobile.be\/wp-json\/wp\/v2\/pages\/2361\/revisions"}],"predecessor-version":[{"id":4067,"href":"https:\/\/jimmobile.be\/wp-json\/wp\/v2\/pages\/2361\/revisions\/4067"}],"wp:attachment":[{"href":"https:\/\/jimmobile.be\/wp-json\/wp\/v2\/media?parent=2361"}],"wp:term":[{"taxonomy":"yst_prominent_words","embeddable":true,"href":"https:\/\/jimmobile.be\/wp-json\/wp\/v2\/yst_prominent_words?post=2361"}],"curies":[{"name":"wp","href":"https:\/\/api.w.org\/{rel}","templated":true}]}}