{"id":248,"date":"2017-03-10T10:22:05","date_gmt":"2017-03-10T09:22:05","guid":{"rendered":"https:\/\/jimmobile.be\/fr\/options-et-services-abonnement"},"modified":"2019-05-09T22:11:23","modified_gmt":"2019-05-09T22:11:23","slug":"options-et-services-abonnement","status":"publish","type":"page","link":"https:\/\/jimmobile.be\/fr\/options-et-services-abonnement\/","title":{"rendered":"Options et services abonnement"},"content":{"rendered":"<p>&nbsp;<\/p>\n<h1>Options et services abonnement<\/h1>\n<p>En plus de ton abonnement, tu peux activer des options et des forfaits suppl\u00e9mentaires.<\/p>\n<div class=\"alternative-em-block\" style=\"text-align: center;\"><strong>Attention, envoie le mot cl\u00e9 au 1984 au lieu de 1985.<\/strong><\/div>\n<p><span style=\"color: #345e9c; font-weight: bold;\">T\u00e9l\u00e9phoner depuis la Belgique vers l&rsquo;europe, la Turquie et le Maroc<\/span><\/p>\n<p><span style=\"color: #345e9c; font-weight: bold;\"><span style=\"color: #63666a; font-weight: 400;\">Tu appelles r\u00e9guli\u00e8rement des amis ou ta famille en Europe, en Turquie ou au Maroc ?<\/span><br \/>\n<\/span><\/p>\n<p>Active l&rsquo;une de ces options pour appeler \u00e0 petit prix.<\/p>\n<table style=\"height: 118px;\" width=\"1004\">\n<tbody>\n<tr>\n<td style=\"width: 327.333px;\"><strong>Nombre de minutes<\/strong><\/td>\n<td style=\"width: 327.333px;\"><strong>Prix<\/strong><\/td>\n<td style=\"width: 327.333px;\"><strong>Comment activer?<\/strong><\/td>\n<\/tr>\n<tr>\n<td style=\"width: 327.333px;\">20 min<\/td>\n<td style=\"width: 327.333px;\">\u0080 6<\/td>\n<td style=\"width: 327.333px;\">envoie <strong>INTERMIN<\/strong> par SMS au 1984<\/td>\n<\/tr>\n<\/tbody>\n<\/table>\n<div class=\"em-block\">\n<h3 style=\"text-align: center;\">Bon \u00e0 savoir<\/h3>\n<p style=\"text-align: center;\">Le forfait doit \u00eatre combin\u00e9 avec un plan tarifaire JIM Mobile. Envoie le mot cl\u00e9 correspondant par SMS au 1984. Le forfait est automatiquement ajout\u00e9s chaque mois \u00e0 ta facture. Ton forfait sera factur\u00e9 au prorata jusqu&rsquo;\u00e0 ta prochaine facture. Le forfait est valable 1 mois apr\u00e8s l&rsquo;activation. Le forfait n&rsquo;est pas valable pour les num\u00e9ros sp\u00e9ciaux et les services de tiers. Tu re\u00e7ois un SMS lorsque ton pack expire ou est enti\u00e8rement \u00e9puis\u00e9.<\/p>\n<\/div>\n","protected":false},"excerpt":{"rendered":"&nbsp; Options et services abonnement En plus de ton abonnement, tu peux activer des options et des forfaits suppl\u00e9mentaires. Attention, envoie le mot cl\u00e9 au 1984 au lieu de 1985. T\u00e9l\u00e9phoner depuis la Belgique vers l&rsquo;europe, la Turquie et le Maroc Tu appelles r\u00e9guli\u00e8rement des amis ou ta famille en Europe, en Turquie ou au [&hellip;]","protected":false},"author":15,"featured_media":1579,"parent":0,"menu_order":0,"comment_status":"closed","ping_status":"closed","template":"","meta":{"footnotes":"","_locale":"fr_BE","_original_post":"244"},"yst_prominent_words":[],"acf":[],"_links":{"self":[{"href":"https:\/\/jimmobile.be\/wp-json\/wp\/v2\/pages\/248"}],"collection":[{"href":"https:\/\/jimmobile.be\/wp-json\/wp\/v2\/pages"}],"about":[{"href":"https:\/\/jimmobile.be\/wp-json\/wp\/v2\/types\/page"}],"author":[{"embeddable":true,"href":"https:\/\/jimmobile.be\/wp-json\/wp\/v2\/users\/15"}],"replies":[{"embeddable":true,"href":"https:\/\/jimmobile.be\/wp-json\/wp\/v2\/comments?post=248"}],"version-history":[{"count":14,"href":"https:\/\/jimmobile.be\/wp-json\/wp\/v2\/pages\/248\/revisions"}],"predecessor-version":[{"id":4045,"href":"https:\/\/jimmobile.be\/wp-json\/wp\/v2\/pages\/248\/revisions\/4045"}],"wp:featuredmedia":[{"embeddable":true,"href":"https:\/\/jimmobile.be\/wp-json\/wp\/v2\/media\/1579"}],"wp:attachment":[{"href":"https:\/\/jimmobile.be\/wp-json\/wp\/v2\/media?parent=248"}],"wp:term":[{"taxonomy":"yst_prominent_words","embeddable":true,"href":"https:\/\/jimmobile.be\/wp-json\/wp\/v2\/yst_prominent_words?post=248"}],"curies":[{"name":"wp","href":"https:\/\/api.w.org\/{rel}","templated":true}]}}