{"id":2681,"date":"2018-01-19T11:48:42","date_gmt":"2018-01-19T10:48:42","guid":{"rendered":"https:\/\/jimmobile.be\/?page_id=2681"},"modified":"2018-01-25T13:54:10","modified_gmt":"2018-01-25T12:54:10","slug":"cartesim","status":"publish","type":"page","link":"https:\/\/jimmobile.be\/fr\/cartesim\/","title":{"rendered":"carte sim"},"content":{"rendered":"<p><!-- START PART [prepaid-styling-new] [2507] --><!-- note: this contains the styles used on the new prepaid page.  They are not align with the rest of the theme, hence\r\nthis part.  We definately need to align this with other pages and remove this part. -->\r\n\r\n<!-- noformat on -->\r\n\r\n<style>\r\n\t\r\n\ta.cta-button {\r\n\t\tfont-size: 22px;\r\n\t\tmin-width: min-content;\r\n\t}\r\n\t\r\n\t.read-on {\r\n\t\tcursor: pointer;\r\n\t\tdisplay: block;\r\n\t\tmargin: 4em auto;\r\n\t\twidth: 2em;\r\n\t\theight: 2em;\r\n\t\tbackground: transparent url('\/content\/themes\/jim\/img\/read_on.svg') no-repeat;\r\n\t\tbackground-size: contain;\r\n\t}\r\n\r\n.read-on + h2.section-title {\r\n    margin-top: 0;\r\n}\r\n\r\nh2.section-title {\r\n    margin-top: 4em;\r\n}\r\n\r\narticle div.tariffs {\r\n\tpadding: 0;\r\n}\r\n\t\r\narticle .tariffs .alternatives-3 {\r\n\tjustify-content: space-around;\t\r\n}\r\n\t\r\narticle .tariffs .strapline {\r\n\tpadding: .75em;\r\n\tbackground-color: #00000010;\r\n\ttext-align: center;\r\n}\r\n\r\narticle .tariffs .alternatives-3 > * {\r\n\tflex-grow: 0;\r\n}\r\n\t\r\narticle .alternative-em-block {\r\n    overflow: hidden;\r\n}\r\n\r\n.impressive {\r\n    color: #345ea5;\r\n}\r\n\r\n.pricing {\r\n    margin: 1em auto;\r\n    display: block;\r\n    background: transparent url('\/content\/themes\/jim\/img\/bubble.svg') no-repeat center;\r\n    background-size: cover;\r\n    width: 150px;\r\n    height: 150px;\r\n    color: white;\r\n    padding: 40px 15px;\r\n    box-sizing: border-box;\r\n}\r\n\r\n.pricing .number {\r\n    color: #ffcd00;\r\n    font-size: 65px;\r\n    font-weight: bold;\r\n}\r\n\r\n.pricing .currency {\r\n    color: #ffcd00;\r\n    font-weight: bold;\r\n}\r\n\r\n.pricing .old-price {\r\n    position: relative;\r\n    font-size: 80%;\r\n}\r\n\r\n.pricing .old-price::after {\r\n    content: '-';\r\n    background: transparent url('\/content\/themes\/jim\/img\/strikethrough.svg') no-repeat center;\r\n    background-size: 100% 100%;\r\n    position: absolute;\r\n    color: transparent;\r\n    top: 0;\r\n    left: 0;\r\n    width: 100%;\r\n    height: 18px;\r\n}\r\n\r\n.pricing .unit {\r\n    font-size: 50%;\r\n    line-height: 0;\r\n    display: block;\r\n}\r\n\r\n\t@media(min-width: 700px){\r\n\t.alternative-em-block.tariffs {\r\n\t\tposition: relative;\r\n\t\tpadding: 10px 280px 20px 25px;\r\n\t}\r\n\t\r\n\t.alternative-em-block.tariffs .strapline {\r\n\t\tcolor: white;\r\n\t\tfont-weight: bold;\r\n\t\tbackground-color: #345e9c;\r\n\t\tposition: absolute;\r\n\t\tright: -50px;\r\n\t\ttop: -70px;\r\n\t\theight: 100%;\r\n\t\twidth: 205px;\r\n\t\tmargin: 0;\r\n\t\tborder-radius: 2000px;\r\n\t\tpadding: 125px 80px 15px 40px;\r\n\t\tbox-sizing: content-box;\r\n\t}\r\n\t\r\n}\r\n\t.tariffs .tariff {\r\n\t\tposition: relative;\r\n\t\tmargin: 1em auto;\r\n\t\tmargin-top: 25px;\r\n\t\tdisplay: block;\r\n\t\tbackground: transparent url(\/content\/themes\/jim\/img\/bubble.svg) no-repeat center;\r\n\t\tbackground-size: cover;\r\n\t\twidth: 120px;\r\n\t\theight: 120px;\r\n\t\tcolor: white;\r\n\t\tfont-size: 13px;\r\n\t\tpadding: 43px 0 20px 4px;\r\n\t\ttext-align: center;\r\n\t\tbox-sizing: border-box;\r\n\t\tline-height: 1;\r\n\t}\r\n\t\r\n\t.tariffs .tariff p {\r\n\t\tmargin: 0;\r\n\t}\r\n\t\r\n\t.tariffs .tariff strong {\r\n\t\tdisplay: block;\r\n\t\tfont-size: 22px;\r\n\t}\r\n\t\r\n\t.tariffs .tariff img {\r\n\t\tposition: absolute;\r\n\t\ttop: -14px;\r\n\t\tleft: -20px;\r\n\t\twidth: 50px;\r\n\t}\r\n\r\n\t.tariffs .tariff .us {\r\n\t\tdisplay: block;\r\n\t\tfont-weight: bold;\r\n\t\tfont-size: 25px;\r\n\t}\r\n\r\n.tariff .comparison {\r\n    position: relative;\r\n    margin-top: 50px;\r\n    padding: 10px 0;\r\n    background-color: #345ea5;\r\n    color: #ffcd00;\r\n    font-weight: bold;\r\n    border-radius: 5px;\r\n}\r\n\r\n.tariff .comparison::after {\r\n    content: '?';\r\n    color: #345ea5;\r\n    font-size: 80px;\r\n    position: absolute;\r\n    top: 0;\r\n    left: 50%;\r\n    transform: translateX(-50%) scale(1, .5) translateY(-100%) ;\r\n}\r\n\r\n.reload-option {\r\n    margin: 0 auto;\r\n}\r\n\t\r\n.reload-option a {\r\n\ttext-decoration: none;\t\r\n}\r\n\r\n.reload-amount {\r\n    margin: 1em auto;\r\n    display: block;\r\n    background: transparent url('\/content\/themes\/jim\/img\/bubble.svg') no-repeat center;\r\n    background-size: cover;\r\n    width: 120px;\r\n    height: 120px;\r\n    color: white;\r\n    font-weight: bold;\r\n    padding: 33px 0 20px 0;\r\n    text-align: center;\r\n    box-sizing: border-box;\r\n    line-height: 0.9;\r\n}\r\n\r\n.reload-amount .amount {\r\n    font-size: 50px;\r\n}\r\n\r\n.freebie-content {\r\n    display: block;\r\n    width: 150px;\r\n    margin: 0 auto;\r\n    background-color: #e5eaf2;\r\n    border-radius: 100px;\r\n}\r\n\r\n.freebie-description {\r\n    font-size: 75%;\r\n}\r\n\r\n.effectively-nothing .freebie-content, .effectively-nothing .freebie-description {\r\n    opacity: 0;\r\n}\r\n\r\n.focus-points {\r\n    display: flex;\r\n    flex-wrap: wrap;\r\n    justify-content: space-between\r\n}\r\n\r\n.focus-points > * {\r\n    display: block;\r\n    width: 250px;\r\n    flex-grow: 1;\r\n    background: transparent url('\/content\/themes\/jim\/img\/check_blue.svg') no-repeat 8px 4px;\r\n    background-size: auto 20px;\r\n    padding: 5px 0;\r\n    padding-left: 40px;\r\n    box-sizing: border-box;\r\n    font-size: 80%;\r\n    line-height: 20px;\r\n}\r\n\r\n.bundle-overview {\r\n    margin-top: 4em;\r\n    border: none;\r\n    border-radius: 9px;\r\n    overflow: hidden;\r\n}\r\n\r\n.bundle-overview td {\r\n    border: none;\r\n\tbackground-color: #e5eaf2;\r\n}\r\n\t\r\narticle table.bundle-overview tbody tr:nth-child(odd) td {\r\n\tbackground-color: #e5eaf2;\r\n}\r\n\r\n.bundle-overview th {\r\n    background-color: rgb(52,94,165);\r\n    color: white;\r\n    text-transform: uppercase;\r\n    font-size: 60%\r\n}\r\n\r\narticle .alternatives-3.tariffs > div {\r\n    flex-grow: 1;\r\n    min-width: 200px;\r\n}\r\n\t\r\narticle .quick-links h3 {\r\n\ttext-transform: initial;\r\n}\r\n\t\r\narticle .quick-links .quick-link {\r\n\tbackground-color: #e5eaf2;\r\n\tcolor: #345e9c;\r\n\tborder-radius: 3px;\r\n\tmargin: 10px 3px;\r\n\tpadding: 42px 20px 28px;\r\n\tfont-weight: 500;\r\n}\r\n\t\r\narticle .quick-links .quick-link img {\r\n\tmax-height: 60px;\t\r\n\tmargin-bottom: 15px;\r\n}\r\n\r\n@media(max-width: 750px){\r\n\r\n    article .alternatives-3.tariffs {\r\n        display: block;\r\n    }\r\n\r\n    article .alternatives-3.tariffs > div {\r\n        max-width: 400px;\r\n        width: auto;\r\n        margin-left: auto;\r\n        margin-right: auto;\r\n    }\r\n    \r\n        \r\n}\r\n\r\n@media(max-width: 450px){\r\n\t\r\n\t\t\r\n\tarticle .alternatives-3 {\r\n\t\tflex-direction: column;\r\n\t}\r\n\t\r\n\tarticle .alternatives-3 > div {\r\n\t\twidth: auto;\r\n\t}\r\n\r\n\tarticle .alternatives-4 {\r\n\t\tflex-direction: column;\r\n\t}\r\n\t\r\n\tarticle .alternatives-4 > div {\r\n\t\twidth: auto;\r\n\t}\r\n\t\r\n\t\r\n\t.effectively-nothing .freebie-content, .effectively-nothing .freebie-description {\r\n\t\tdisplay: none;\r\n\t}\r\n\r\n\t\r\n    .usage-pattern .title {\r\n        margin: auto;\r\n    }\r\n\r\n    .usage-patterns svg {\r\n        display: block;\r\n        position: static;\r\n        margin: 0 auto;\r\n        height: 200px;\r\n        transform: none;\r\n    }\r\n\r\n    .usage-patterns .example {\r\n        left: auto;\r\n        transform: none;\r\n        bottom: auto;\r\n        width: auto;\r\n        position: static;\r\n        max-width: initial;\r\n    }\r\n\r\n    .amount-selector {\r\n        margin-bottom: 1em;\r\n    }\r\n\r\n}\r\n<\/style>\r\n\r\n<script>\r\n\t$(function(){\r\n\t\t$('.read-on, .read-on-alt').click(function(){\r\n\t\t\t$target = $(this).next();\r\n\t\t\t$([document.documentElement, document.body]).animate({\r\n\t\t\t\tscrollTop: $target.offset().top - 20\r\n\t\t\t}, 500);\r\n\t\t\r\n\t\t});\r\n\t});\r\n<\/script>\r\n\r\n\r\n<!-- noformat off --><!-- END PART [prepaid-styling-new] [2507] --><\/p>\n<p><span style=\"font-weight: 400;\">Pour continuer \u00e0 appeler, surfer, et envoyer des SMS aux tarifs pr\u00e9pay\u00e9s les plus bas de Belgique, il est important que tu remplaces ta <strong>carte SIM actuelle<\/strong> par une <strong>nouvelle carte.\u00a0<\/strong><\/span><\/p>\n<div class=\"em-block\">\n<div class=\"alternatives-3\">\n<div class=\"em-block\">\n<h2>Pourquoi une nouvelle carte SIM ?<\/h2>\n<p><span style=\"font-weight: 400;\">Gr\u00e0ce \u00e0 ta nouvelle carte SIM, nous pouvons t&rsquo;enregistrer sur notre nouvelle plateforme technique.<\/span><\/p>\n<p><a class=\"cta-button\" href=\"#pourquoi\">En lire plus.<\/a><\/p>\n<\/div>\n<div class=\"em-block\">\n<h2>Comment remplacer ta carte SIM ?<\/h2>\n<p><span style=\"font-weight: 400;\">\u00c7a se fait en quelques \u00e9tapes simples. <\/span><\/p>\n<p><a class=\"cta-button\" href=\"#comment\">En lire plus.<\/a><\/p>\n<\/div>\n<div class=\"em-block\">\n<h2>Tu n\u0092as pas re\u00e7u de carte SIM ?<\/h2>\n<p><span style=\"font-weight: 400;\">Alors demande ta nouvelle carte SIM ici. <\/span><\/p>\n<p><a class=\"cta-button\" href=\"#rienrecu\">En lire plus.<\/a><\/p>\n<\/div>\n<\/div>\n<\/div>\n<div class=\"read-on\"><\/div>\n<h2 id=\"pourquoi\">Pourquoi une nouvelle carte SIM ?<\/h2>\n<p><span style=\"font-weight: 400;\">Nous croyons qu&rsquo;appeler, surfer mobile, et envoyer des SMS ne doit pas \u00eatre cher. Sans sacrifier la qualit\u00e9 ! <\/span><span style=\"font-weight: 400;\">Pour optimiser nos services, nous construisons actuellement une nouvelle plateforme technique. <\/span><span style=\"font-weight: 400;\">Gr\u00e2ce \u00e0 cette carte, nous pourrons t\u0092enregistrer sur cette nouvelle plateforme et cela te permettra de continuer \u00e0 appeler, \u00e0 surfer, et \u00e0 envoyer des SMS aux tarifs les plus bas de Belgique. Voil\u00e0 pourquoi. <\/span><\/p>\n<p>&nbsp;<\/p>\n<h2><span style=\"font-weight: 400;\"><strong>Qu&rsquo;est-ce qui se passe avec mon cr\u00e9dit d&rsquo;appel et mes forfaits actives?<\/strong><\/span><\/h2>\n<p><span style=\"font-weight: 400;\">Ton cr\u00e9dit d&rsquo;appel et tes forfaits actifs seront \u00e9videmment transf\u00e9r\u00e9s automatiquement \u00e0 ta nouvelle carte SIM pour que tu puisses continuer \u00e0 appeler, \u00e0 surfer, et \u00e0 envoyer des SMS.<\/p>\n<p><\/span><\/p>\n<h2>Qu&rsquo;en est-il de mon num\u00e9ro actuel?<\/h2>\n<p>Tu ne perdras pas ton num\u00e9ro de t\u00e9l\u00e9phone actuel en rempla\u00e7ant ta carte SIM. Tu gardera le m\u00eame num\u00e9ro.<\/p>\n<div class=\"read-on\"><\/div>\n<h2 id=\"comment\">Comment remplacer ?<\/h2>\n<p><span style=\"font-weight: 400;\">Remplacer ta carte SIM, c&rsquo;est un jeux d&rsquo;enfants:<\/span><\/p>\n<ol>\n<li style=\"font-weight: 400;\"><span style=\"font-weight: 400;\">Prends la lettre que tu as re\u00e7ue.<\/span><\/li>\n<li style=\"font-weight: 400;\"><span style=\"font-weight: 400;\">Il y a un num\u00e9ro de t\u00e9l\u00e9phone en haut de la lettre. C&rsquo;est ton num\u00e9ro de t\u00e9l\u00e9phone, ou le num\u00e9ro d&rsquo;un membre de ta famille.<\/span><\/li>\n<li style=\"font-weight: 400;\"><span style=\"font-weight: 400;\">Prends la nouvelle carte SIM.<\/span><\/li>\n<li style=\"font-weight: 400;\"><span style=\"font-weight: 400;\">Tu as besoin des derniers 4 chiffres de cette carte SIM. Envoie ces chiffres, pr\u00e9c\u00e9d\u00e9s par SWAP, au 1984 via SMS. Attention : tu dois faire \u00e7a avec <\/span><b>ton ancienne carte SIM<\/b><span style=\"font-weight: 400;\"> (par exemple SWAP5678 si le num\u00e9ro est 8932030000012345678).<\/span><\/li>\n<li style=\"font-weight: 400;\"><span style=\"font-weight: 400;\">Si les 4 chiffres sont corrects, tu re\u00e7ois un SMS de confirmation. <\/span><\/li>\n<li style=\"font-weight: 400;\"><span style=\"font-weight: 400;\">Tu as re\u00e7u un SMS de confirmation ? <\/span>Eteins ton t\u00e9l\u00e9phone et remplce ta carte sim.<\/li>\n<\/ol>\n<div class=\"alternative-em-block\" style=\"text-align: center;\">Tu ne re\u00e7ois pas de SMS, ou il y a une erreur ? Alors r\u00e9essaie, ou contacte le helpdesk au 1984. Notre helpdesk est joignable <span style=\"font-weight: 400;\">du lundi au vendredi\u00a0<\/span>de 8h30 \u00e0 17h.<\/div>\n<div>\n<div class=\"em-block\" style=\"text-align: center;\">\n<p><span style=\"font-weight: 400;\">Un conseil: Tu as peut-\u00eatre encore des num\u00e9ros de t\u00e9l\u00e9phone sauvegard\u00e9s sur ta carte SIM actuelle. Tu dois les copier vers ton t\u00e9l\u00e9phone avant de remplacer la carte SIM. Si tu ne le fais pas, tu perdras tous ces num\u00e9ros. Et ce sera dommage.<\/span><\/p>\n<\/div>\n<\/div>\n<div>\n<div class=\"read-on\"><\/div>\n<h2 id=\"rienrecu\">Tu n&rsquo;as pas re\u00e7u une nouvelle carte SIM ?<\/h2>\n<p style=\"text-align: center;\"><span style=\"font-weight: 400;\">Tu n&rsquo;as pas re\u00e7u de lettre ? Alors demande ta nouvelle carte SIM ci-dessous ou contacte notre helpdesk au 1984.<br \/>\n(joignable du lundi au vendredi de 8h30 \u00e0 17h).<\/span><\/p>\n<p>&nbsp;<\/p>\n<\/div>\n<p><a class=\"cta-button\" href=\"\/fr\/e-services\/#!\/simswap18\">Demande une nouvelle carte sim<\/a><\/p>\n<div>\n<p>&nbsp;<\/p>\n<\/div>\n<p>&nbsp;<\/p>\n","protected":false},"excerpt":{"rendered":"Pour continuer \u00e0 appeler, surfer, et envoyer des SMS aux tarifs pr\u00e9pay\u00e9s les plus bas de Belgique, il est important que tu remplaces ta carte SIM actuelle par une nouvelle carte.\u00a0 Pourquoi une nouvelle carte SIM ? Gr\u00e0ce \u00e0 ta nouvelle carte SIM, nous pouvons t&rsquo;enregistrer sur notre nouvelle plateforme technique. En lire plus. Comment [&hellip;]","protected":false},"author":11,"featured_media":0,"parent":0,"menu_order":0,"comment_status":"closed","ping_status":"closed","template":"","meta":{"footnotes":"","_locale":"fr_BE","_original_post":"2677"},"yst_prominent_words":[],"acf":[],"_links":{"self":[{"href":"https:\/\/jimmobile.be\/wp-json\/wp\/v2\/pages\/2681"}],"collection":[{"href":"https:\/\/jimmobile.be\/wp-json\/wp\/v2\/pages"}],"about":[{"href":"https:\/\/jimmobile.be\/wp-json\/wp\/v2\/types\/page"}],"author":[{"embeddable":true,"href":"https:\/\/jimmobile.be\/wp-json\/wp\/v2\/users\/11"}],"replies":[{"embeddable":true,"href":"https:\/\/jimmobile.be\/wp-json\/wp\/v2\/comments?post=2681"}],"version-history":[{"count":22,"href":"https:\/\/jimmobile.be\/wp-json\/wp\/v2\/pages\/2681\/revisions"}],"predecessor-version":[{"id":2760,"href":"https:\/\/jimmobile.be\/wp-json\/wp\/v2\/pages\/2681\/revisions\/2760"}],"wp:attachment":[{"href":"https:\/\/jimmobile.be\/wp-json\/wp\/v2\/media?parent=2681"}],"wp:term":[{"taxonomy":"yst_prominent_words","embeddable":true,"href":"https:\/\/jimmobile.be\/wp-json\/wp\/v2\/yst_prominent_words?post=2681"}],"curies":[{"name":"wp","href":"https:\/\/api.w.org\/{rel}","templated":true}]}}