{"id":3232,"date":"2018-09-19T14:37:53","date_gmt":"2018-09-19T13:37:53","guid":{"rendered":"https:\/\/jimmobile.be\/?page_id=3232"},"modified":"2018-09-19T14:37:53","modified_gmt":"2018-09-19T13:37:53","slug":"voicemail-transatel","status":"publish","type":"page","link":"https:\/\/jimmobile.be\/fr\/voicemail-transatel\/","title":{"rendered":"Voicemail &#8211; FR &#8211; Transatel"},"content":{"rendered":"<p><!-- START PART [voicemail-common-settings-FR] [3207] --><h3 style=\"text-align: left;\">Pour consulter tes messages vocaux<\/h3>\r\n<p style=\"text-align: left;\">Le num\u00e9ro raccourci de ta messagerie vocale est le <b>1933<\/b>. Il est uniquement valable en Belgique et est gratuit.<\/p>\r\n<h3 style=\"text-align: left;\">Pour configurer ta messagerie vocale<\/h3>\r\n<p style=\"text-align: left;\">Appelle le <b>1933<\/b>. Tu auras l\u0092occasion de configurer un mot de passe, ensuite tu auras la possibilit\u00e9 d\u0092enregistrer ton nom et finalement d\u0092enregistrer un message entier pour ta messagerie vocale.<\/p>\r\n<h3 style=\"text-align: left;\">Pour consulter ta messagerie vocale depuis l\u0092\u00e9tranger<\/h3><!-- END PART [voicemail-common-settings-FR] [3207] --><\/p>\n<p style=\"text-align: left;\">Dans ce cas, le num\u00e9ro \u00e0 appeler est le suivant: <b>+32 456 19 19 33<\/b><\/p>\n<h3 style=\"text-align: left;\">Pour changer le d\u00e9lai de la messagerie vocale<\/h3>\n<p style=\"text-align: left;\">Appelle le (*)*61*+32456191933<b>**30#<\/b> avec le dernier nombre qui peut-\u00eatre le 30 comme dans l&rsquo;exemple (<b>**30#<\/b>) ou 25, 20, 15, 10, 5. Ce qui correspond au nombre de secondes \u00e0 attendre avant de redirtiger vers le bo\u00eete vocale.<br \/>\n(*) signifie que pour certains GSM, il faut entrer deux *<\/p>\n","protected":false},"excerpt":{"rendered":"Dans ce cas, le num\u00e9ro \u00e0 appeler est le suivant: +32 456 19 19 33 Pour changer le d\u00e9lai de la messagerie vocale Appelle le (*)*61*+32456191933**30# avec le dernier nombre qui peut-\u00eatre le 30 comme dans l&rsquo;exemple (**30#) ou 25, 20, 15, 10, 5. Ce qui correspond au nombre de secondes \u00e0 attendre avant de [&hellip;]","protected":false},"author":15,"featured_media":0,"parent":0,"menu_order":0,"comment_status":"closed","ping_status":"closed","template":"","meta":{"footnotes":"","_locale":"fr_BE","_original_post":"3225"},"yst_prominent_words":[108,164,635,658,28,66,670,121,197,310,199,187,671,127,657,633,309,285,636,200],"acf":[],"_links":{"self":[{"href":"https:\/\/jimmobile.be\/wp-json\/wp\/v2\/pages\/3232"}],"collection":[{"href":"https:\/\/jimmobile.be\/wp-json\/wp\/v2\/pages"}],"about":[{"href":"https:\/\/jimmobile.be\/wp-json\/wp\/v2\/types\/page"}],"author":[{"embeddable":true,"href":"https:\/\/jimmobile.be\/wp-json\/wp\/v2\/users\/15"}],"replies":[{"embeddable":true,"href":"https:\/\/jimmobile.be\/wp-json\/wp\/v2\/comments?post=3232"}],"version-history":[{"count":1,"href":"https:\/\/jimmobile.be\/wp-json\/wp\/v2\/pages\/3232\/revisions"}],"predecessor-version":[{"id":3233,"href":"https:\/\/jimmobile.be\/wp-json\/wp\/v2\/pages\/3232\/revisions\/3233"}],"wp:attachment":[{"href":"https:\/\/jimmobile.be\/wp-json\/wp\/v2\/media?parent=3232"}],"wp:term":[{"taxonomy":"yst_prominent_words","embeddable":true,"href":"https:\/\/jimmobile.be\/wp-json\/wp\/v2\/yst_prominent_words?post=3232"}],"curies":[{"name":"wp","href":"https:\/\/api.w.org\/{rel}","templated":true}]}}