{"id":3285,"date":"2018-11-29T11:11:29","date_gmt":"2018-11-29T10:11:29","guid":{"rendered":"https:\/\/jimmobile.be\/?page_id=3285"},"modified":"2023-05-23T14:38:18","modified_gmt":"2023-05-23T14:38:18","slug":"jusque-decembre-2018","status":"publish","type":"page","link":"https:\/\/jimmobile.be\/fr\/infos-legales\/jusque-decembre-2018\/","title":{"rendered":"Infos l\u00e9gales jusqu&rsquo;en d\u00e9cembre 2018"},"content":{"rendered":"<ul>\n<li><a href=\"\/\/ire-s3-prod-unl-jim-web.s3.eu-west-1.amazonaws.com\/content\/uploads\/2018\/05\/03135825\/JIM-Mobile-Algemene-voorwaarden_fr_20180502-1.pdf\">Conditions g\u00e9n\u00e9rales<\/a>: pour tous les contrats conclus \u00e0 partir du 22\/02\/2018<\/li>\n<li><a href=\"\/fr\/infos-legales\/jusque-decembre-2018\/vie-privee\/\">Politique vie priv\u00e9e<\/a><\/li>\n<\/ul>\n","protected":false},"excerpt":{"rendered":"Conditions g\u00e9n\u00e9rales: pour tous les contrats conclus \u00e0 partir du 22\/02\/2018 Politique vie priv\u00e9e","protected":false},"author":15,"featured_media":0,"parent":162,"menu_order":0,"comment_status":"closed","ping_status":"closed","template":"","meta":{"footnotes":"","_locale":"fr_BE","_original_post":"3283"},"yst_prominent_words":[],"acf":[],"_links":{"self":[{"href":"https:\/\/jimmobile.be\/wp-json\/wp\/v2\/pages\/3285"}],"collection":[{"href":"https:\/\/jimmobile.be\/wp-json\/wp\/v2\/pages"}],"about":[{"href":"https:\/\/jimmobile.be\/wp-json\/wp\/v2\/types\/page"}],"author":[{"embeddable":true,"href":"https:\/\/jimmobile.be\/wp-json\/wp\/v2\/users\/15"}],"replies":[{"embeddable":true,"href":"https:\/\/jimmobile.be\/wp-json\/wp\/v2\/comments?post=3285"}],"version-history":[{"count":5,"href":"https:\/\/jimmobile.be\/wp-json\/wp\/v2\/pages\/3285\/revisions"}],"predecessor-version":[{"id":4595,"href":"https:\/\/jimmobile.be\/wp-json\/wp\/v2\/pages\/3285\/revisions\/4595"}],"up":[{"embeddable":true,"href":"https:\/\/jimmobile.be\/wp-json\/wp\/v2\/pages\/162"}],"wp:attachment":[{"href":"https:\/\/jimmobile.be\/wp-json\/wp\/v2\/media?parent=3285"}],"wp:term":[{"taxonomy":"yst_prominent_words","embeddable":true,"href":"https:\/\/jimmobile.be\/wp-json\/wp\/v2\/yst_prominent_words?post=3285"}],"curies":[{"name":"wp","href":"https:\/\/api.w.org\/{rel}","templated":true}]}}