{"id":357,"date":"2017-03-10T11:06:26","date_gmt":"2017-03-10T10:06:26","guid":{"rendered":"https:\/\/jimmobile.be\/fr\/options-et-services-carte-prepayee"},"modified":"2025-01-23T14:34:55","modified_gmt":"2025-01-23T14:34:55","slug":"options-et-services-carte-prepayee","status":"publish","type":"page","link":"https:\/\/jimmobile.be\/fr\/options-et-services-carte-prepayee\/","title":{"rendered":"Options et services carte pr\u00e9pay\u00e9e"},"content":{"rendered":"<h1>Options et services carte SIM pr\u00e9pay\u00e9e<\/h1>\n<p>Utilise ton cr\u00e9dit d&rsquo;appel pour activer facilement le pack MEGASURF.<\/p>\n<p>Surfer avantageusement en Belgique et dans la zone UE<\/p>\n<p>Veux-tu ajouter plus de m\u00e9gabytes sur ta carte SIM pr\u00e9pay\u00e9e ? Active le pack MEGASURF. Tu surferas au meilleur prix sur <a href=\"\/fr\/reseau-4g\/\">notre r\u00e9seau 4G ultrarapide<\/a>.<\/p>\n<table>\n<tbody>\n<tr>\n<td><strong>Volume<\/strong><\/td>\n<td><strong>Prix<\/strong><\/td>\n<td><strong>Comment activer?<\/strong><\/td>\n<\/tr>\n<tr>\n<td>1 GB<\/td>\n<td>\u20ac 5<\/td>\n<td>Envoie <strong>MEGASURF<\/strong> par SMS au <strong>1984<\/strong><\/td>\n<\/tr>\n<\/tbody>\n<\/table>\n<p>&nbsp;<\/p>\n<div class=\"em-block\">\n<h3 style=\"text-align: center;\">Bon \u00e0 savoir<\/h3>\n<p>Le pack MEGASURF doit \u00eatre combin\u00e9 avec un plan tarifaire pr\u00e9pay\u00e9 JIM Mobile. Envoie le mot cl\u00e9 correspondant par SMS au 1984 et le prix du pack sera imm\u00e9diatement d\u00e9duit de ton cr\u00e9dit d&rsquo;appel.<\/p>\n<p>Le pack MEGASURF est exclusivement r\u00e9serv\u00e9 \u00e0 l&rsquo;usage d&rsquo;un GSM ou d&rsquo;un smartphone, toute autre utilisation est interdite. Le pack est valable 1 mois apr\u00e8s l&rsquo;activation. Tu re\u00e7ois un SMS lorsque ton forfait expire ou est enti\u00e8rement \u00e9puis\u00e9. Tu peux activer diff\u00e9rents packs MEGASURF simultan\u00e9ment.<\/p>\n<\/div>\n<div class=\"quick-links\">\n<h3>Liens utiles<\/h3>\n<div class=\"quick-links-container\"><a class=\"quick-link\" href=\"\/fr\/lappli-jim-mobile\/\"><img decoding=\"async\" class=\"size-full wp-image-427 alignleft\" src=\"https:\/\/ire-s3-prod-unl-jim-web.s3.eu-west-1.amazonaws.com\/wp-content\/uploads\/2017\/03\/21153629\/jim_icon.png\" alt=\"\">L&rsquo;appli JIM Mobile<\/a><br \/>\n<a class=\"quick-link\" href=\"\/fr\/tarifs-internationaux-et-roaming\/\"><img decoding=\"async\" class=\"size-full wp-image-430 alignleft\" src=\"https:\/\/ire-s3-prod-unl-jim-web.s3.eu-west-1.amazonaws.com\/wp-content\/uploads\/2017\/03\/21153634\/earth_icon.png\" alt=\"\">Tarifs internationaux<\/a><br \/>\n<a class=\"quick-link\" href=\"https:\/\/mobilevikings.be\/fr\/setup\/\"><img decoding=\"async\" class=\"size-full wp-image-423 alignleft\" src=\"https:\/\/ire-s3-prod-unl-jim-web.s3.eu-west-1.amazonaws.com\/wp-content\/uploads\/2017\/03\/21153625\/tools_icon.png\" alt=\"\">Configure ton GSM<\/a><\/div>\n<\/div>\n","protected":false},"excerpt":{"rendered":"Options et services carte SIM pr\u00e9pay\u00e9e Utilise ton cr\u00e9dit d&rsquo;appel pour activer facilement le pack MEGASURF. Surfer avantageusement en Belgique et dans la zone UE Veux-tu ajouter plus de m\u00e9gabytes sur ta carte SIM pr\u00e9pay\u00e9e ? Active le pack MEGASURF. Tu surferas au meilleur prix sur notre r\u00e9seau 4G ultrarapide. Volume Prix Comment activer? 1 [&hellip;]","protected":false},"author":15,"featured_media":1579,"parent":0,"menu_order":0,"comment_status":"closed","ping_status":"closed","template":"","meta":{"footnotes":"","_locale":"fr_BE","_original_post":"268"},"yst_prominent_words":[],"acf":[],"_links":{"self":[{"href":"https:\/\/jimmobile.be\/wp-json\/wp\/v2\/pages\/357"}],"collection":[{"href":"https:\/\/jimmobile.be\/wp-json\/wp\/v2\/pages"}],"about":[{"href":"https:\/\/jimmobile.be\/wp-json\/wp\/v2\/types\/page"}],"author":[{"embeddable":true,"href":"https:\/\/jimmobile.be\/wp-json\/wp\/v2\/users\/15"}],"replies":[{"embeddable":true,"href":"https:\/\/jimmobile.be\/wp-json\/wp\/v2\/comments?post=357"}],"version-history":[{"count":21,"href":"https:\/\/jimmobile.be\/wp-json\/wp\/v2\/pages\/357\/revisions"}],"predecessor-version":[{"id":4662,"href":"https:\/\/jimmobile.be\/wp-json\/wp\/v2\/pages\/357\/revisions\/4662"}],"wp:featuredmedia":[{"embeddable":true,"href":"https:\/\/jimmobile.be\/wp-json\/wp\/v2\/media\/1579"}],"wp:attachment":[{"href":"https:\/\/jimmobile.be\/wp-json\/wp\/v2\/media?parent=357"}],"wp:term":[{"taxonomy":"yst_prominent_words","embeddable":true,"href":"https:\/\/jimmobile.be\/wp-json\/wp\/v2\/yst_prominent_words?post=357"}],"curies":[{"name":"wp","href":"https:\/\/api.w.org\/{rel}","templated":true}]}}