{"id":362,"date":"2017-03-10T11:13:23","date_gmt":"2017-03-10T10:13:23","guid":{"rendered":"https:\/\/jimmobile.be\/fr\/lappli-jim-mobile"},"modified":"2022-03-18T13:52:41","modified_gmt":"2022-03-18T13:52:41","slug":"lappli-jim-mobile","status":"publish","type":"page","link":"https:\/\/jimmobile.be\/fr\/lappli-jim-mobile\/","title":{"rendered":"L&rsquo;appli JIM Mobile"},"content":{"rendered":"<h1>Une appli pratique pour tous les clients JIM Mobile<\/h1>\n<div class=\"alternatives-3\">\n<div><img decoding=\"async\" src=\"https:\/\/ire-s3-prod-unl-jim-web.s3.eu-west-1.amazonaws.com\/content\/uploads\/2022\/03\/18134647\/jim-mobile-app-website-fr.png\"><\/div>\n<\/div>\n<div class=\"alternatives-2\">\n<div>\n<h3 style=\"text-align: left;\">Voici les fonctionnalit\u00e9s super pratiques de l\u2019app JIM Mobile :<\/h3>\n<ol>\n<li style=\"text-align: left;\">Consulter ton solde et ta consommation<\/li>\n<li style=\"text-align: left;\">Recharger ta carte SIM<\/li>\n<li style=\"text-align: left;\">Acheter un forfait MEGASURF<\/li>\n<li style=\"text-align: left;\">Acheter un forfait INTERMIN<\/li>\n<li style=\"text-align: left;\">Trouver une r\u00e9ponse \u00e0 tes questions dans la FAQ<\/li>\n<li style=\"text-align: left;\">Configurer ta messagerie vocale<\/li>\n<\/ol>\n<\/div>\n<div>\n<h3 style=\"text-align: left;\">Combien \u00e7a co\u00fbte?<\/h3>\n<p style=\"text-align: left;\">L&rsquo;appli est <strong>gratuite<\/strong>. Tu ne paies l&rsquo;utilisation de ton internet mobile que lorsque tu ne surfes pas via wifi.<\/p>\n<\/div>\n<\/div>\n<h4 style=\"text-align: center;\">Syst\u00e8me d&rsquo;exploitation requis<\/h4>\n<div class=\"alternatives-3\">\n<div>\n<h3><a href=\"https:\/\/play.google.com\/store\/apps\/details?id=be.unleashed.jimmobile\">Android<\/a><\/h3>\n<p><div id=\"attachment_281\" style=\"width: 160px\" class=\"wp-caption aligncenter\"><a href=\"https:\/\/play.google.com\/store\/apps\/details?id=be.unleashed.jimmobile\"><img aria-describedby=\"caption-attachment-281\" decoding=\"async\" loading=\"lazy\" class=\"wp-image-281 size-full\" src=\"https:\/\/ire-s3-prod-unl-jim-web.s3.eu-west-1.amazonaws.com\/wp-content\/uploads\/2017\/03\/21153558\/google_play.png\" alt=\"On Google Play\" width=\"150\" height=\"50\"><\/a><p id=\"caption-attachment-281\" class=\"wp-caption-text\">Android 5.0<br \/>ou plus r\u00e9cent<\/p><\/div><\/p>\n<\/div>\n<div>\n<h3><a href=\"https:\/\/itunes.apple.com\/be\/app\/jim-mobile\/id1182922677?mt=8\">iPhone<\/a><\/h3>\n<p><div id=\"attachment_280\" style=\"width: 160px\" class=\"wp-caption aligncenter\"><a href=\"https:\/\/itunes.apple.com\/be\/app\/jim-mobile\/id1182922677?mt=8\"><img aria-describedby=\"caption-attachment-280\" decoding=\"async\" loading=\"lazy\" class=\"wp-image-280 size-full\" src=\"https:\/\/ire-s3-prod-unl-jim-web.s3.eu-west-1.amazonaws.com\/wp-content\/uploads\/2017\/03\/21153553\/app_store.png\" alt=\"on app store\" width=\"150\" height=\"50\"><\/a><p id=\"caption-attachment-280\" class=\"wp-caption-text\">iOS 10.0<br \/>ou plus r\u00e9cent<\/p><\/div><\/p>\n<\/div>\n<\/div>\n","protected":false},"excerpt":{"rendered":"Une appli pratique pour tous les clients JIM Mobile Voici les fonctionnalit\u00e9s super pratiques de l\u2019app JIM Mobile : Consulter ton solde et ta consommation Recharger ta carte SIM Acheter un forfait MEGASURF Acheter un forfait INTERMIN Trouver une r\u00e9ponse \u00e0 tes questions dans la FAQ Configurer ta messagerie vocale Combien \u00e7a co\u00fbte? L&rsquo;appli est [&hellip;]","protected":false},"author":15,"featured_media":1579,"parent":0,"menu_order":0,"comment_status":"closed","ping_status":"closed","template":"","meta":{"footnotes":"","_locale":"fr_BE","_original_post":"272"},"yst_prominent_words":[],"acf":[],"_links":{"self":[{"href":"https:\/\/jimmobile.be\/wp-json\/wp\/v2\/pages\/362"}],"collection":[{"href":"https:\/\/jimmobile.be\/wp-json\/wp\/v2\/pages"}],"about":[{"href":"https:\/\/jimmobile.be\/wp-json\/wp\/v2\/types\/page"}],"author":[{"embeddable":true,"href":"https:\/\/jimmobile.be\/wp-json\/wp\/v2\/users\/15"}],"replies":[{"embeddable":true,"href":"https:\/\/jimmobile.be\/wp-json\/wp\/v2\/comments?post=362"}],"version-history":[{"count":30,"href":"https:\/\/jimmobile.be\/wp-json\/wp\/v2\/pages\/362\/revisions"}],"predecessor-version":[{"id":4540,"href":"https:\/\/jimmobile.be\/wp-json\/wp\/v2\/pages\/362\/revisions\/4540"}],"wp:featuredmedia":[{"embeddable":true,"href":"https:\/\/jimmobile.be\/wp-json\/wp\/v2\/media\/1579"}],"wp:attachment":[{"href":"https:\/\/jimmobile.be\/wp-json\/wp\/v2\/media?parent=362"}],"wp:term":[{"taxonomy":"yst_prominent_words","embeddable":true,"href":"https:\/\/jimmobile.be\/wp-json\/wp\/v2\/yst_prominent_words?post=362"}],"curies":[{"name":"wp","href":"https:\/\/api.w.org\/{rel}","templated":true}]}}