{"id":3737,"date":"2019-03-21T14:16:51","date_gmt":"2019-03-21T13:16:51","guid":{"rendered":"https:\/\/jimmobile.be\/?page_id=3737"},"modified":"2019-05-09T22:13:01","modified_gmt":"2019-05-09T22:13:01","slug":"switch-3","status":"publish","type":"page","link":"https:\/\/jimmobile.be\/fr\/switch-3\/","title":{"rendered":"Nous passons au r\u00e9seau Orange !"},"content":{"rendered":"<p>&nbsp;<\/p>\n<p>Nous sommes tous pr\u00eats pour le sprint final : d\u0092avril \u00e0 juin, nous transf\u00e9rerons progressivement tous les clients JIM Mobile du r\u00e9seau BASE au r\u00e9seau Orange. Nous utiliserons donc le r\u00e9seau Orange. Pourquoi ? Parce qu\u0092au bout du compte, nous pourrons proposer de meilleurs produits.<\/p>\n<h2>Quel impact aura ce transfert ?<\/h2>\n<p>En tant que client JIM Mobile, tu ne remarqueras rien si ton appareil est allum\u00e9. Quelques jours avant le transfert de ton num\u00e9ro, nous t\u0092enverrons un bref avertissement par SMS. D\u00e8s que tu es actif sur le r\u00e9seau Orange, nous t\u0092envoyons un deuxi\u00e8me SMS court.<br \/>\nSi tu souhaites en savoir plus sur ta couverture sur le r\u00e9seau Orange, clique <a href=\"https:\/\/www.bipt-data.be\/fr\/projects\/atlas\/mobile\">ici<\/a>. Pour v\u00e9rifier une adresse sp\u00e9cifique, clique <a href=\"http:\/\/apps.orange.be\/gis\/jsp\/index.jsp?language=fr\">ici<\/a>.<\/p>\n<h2>Tests approfondis<\/h2>\n<p>Et pour assurer que tu ne remarques rien, nous avons effectu\u00e9 de nombreux tests au cours des derniers mois. Tu as encore des questions ? Trouve ta r\u00e9ponse <a href=\"https:\/\/www.jimmobile.be\/orange\/\">ici<\/a><\/p>\n<p>&nbsp;<\/p>\n<h2>FAQ<\/h2>\n<div class=\"drop-down-box\">\n<h3>Quand saurai-je que j&rsquo;ai \u00e9t\u00e9 transf\u00e9r\u00e9 sur le r\u00e9seau Orange ?<\/h3>\n<p>HFacile : quelques jours avant, nous t\u0092envoyons un SMS, et un deuxi\u00e8me d\u00e8s la fin du transfert.<\/p>\n<\/div>\n<div class=\"drop-down-box\">\n<h3>Combien de temps dure un transfert ?<\/h3>\n<p>Donner une dur\u00e9e exacte pour un transfert est assez difficile. Sache simplement que cela peut m\u00eame prendre quelques jours. Aucune raison de paniquer, donc, si tu ne re\u00e7ois pas imm\u00e9diatement le deuxi\u00e8me SMS t\u0092indiquant que ton transfert a \u00e9t\u00e9 effectu\u00e9.<\/p>\n<\/div>\n<div class=\"drop-down-box\">\n<h3>Le transfert a-t-il un impact sur mon cr\u00e9dit d&rsquo;appel, mes forfaits, &#8230;?<\/h3>\n<p>Non, seul le r\u00e9seau changera. Tu vas donc commencer \u00e0 utiliser le r\u00e9seau Orange au lieu du r\u00e9seau BASE\/Telenet. Toutes les autres fonctionnalit\u00e9s telles que les tarifs (nationaux + roaming) et les fonctionnalit\u00e9s sur le site Web et dans l&rsquo;appli JIM Mobile, resteront inchang\u00e9s.<\/p>\n<\/div>\n<div class=\"drop-down-box\">\n<h3>Qu&rsquo;en est-il de ma couverture r\u00e9seau ?<\/h3>\n<p>Si tu souhaites en savoir plus sur ta couverture sur le r\u00e9seau Orange, clique <a href=\"https:\/\/www.bipt-data.be\/fr\/projects\/atlas\/mobile\">ici<\/a>. Pour v\u00e9rifier une adresse sp\u00e9cifique, clique <a href=\"http:\/\/apps.orange.be\/gis\/jsp\/index.jsp?language=fr\">ici<\/a>.<\/p>\n<\/div>\n<div class=\"drop-down-box\">\n<h3>Et si je suis \u00e0 l&rsquo;\u00e9tranger pendant le transfert ?<\/h3>\n<p>Dans ce cas-l\u00e0, nous attendrons pour faire ton transfert. Tu seras automatiquement transf\u00e9r\u00e9 une fois de retour en Belgique.<\/p>\n<\/div>\n<div class=\"drop-down-box\">\n<h3>Puis-je revenir au r\u00e9seau BASE ?<\/h3>\n<p>Ce n&rsquo;est pas possible.<\/p>\n<\/div>\n","protected":false},"excerpt":{"rendered":"&nbsp; Nous sommes tous pr\u00eats pour le sprint final : d\u0092avril \u00e0 juin, nous transf\u00e9rerons progressivement tous les clients JIM Mobile du r\u00e9seau BASE au r\u00e9seau Orange. Nous utiliserons donc le r\u00e9seau Orange. Pourquoi ? Parce qu\u0092au bout du compte, nous pourrons proposer de meilleurs produits. Quel impact aura ce transfert ? En tant que [&hellip;]","protected":false},"author":15,"featured_media":0,"parent":0,"menu_order":0,"comment_status":"closed","ping_status":"closed","template":"","meta":{"footnotes":"","_locale":"fr_BE","_original_post":"3726"},"yst_prominent_words":[],"acf":[],"_links":{"self":[{"href":"https:\/\/jimmobile.be\/wp-json\/wp\/v2\/pages\/3737"}],"collection":[{"href":"https:\/\/jimmobile.be\/wp-json\/wp\/v2\/pages"}],"about":[{"href":"https:\/\/jimmobile.be\/wp-json\/wp\/v2\/types\/page"}],"author":[{"embeddable":true,"href":"https:\/\/jimmobile.be\/wp-json\/wp\/v2\/users\/15"}],"replies":[{"embeddable":true,"href":"https:\/\/jimmobile.be\/wp-json\/wp\/v2\/comments?post=3737"}],"version-history":[{"count":3,"href":"https:\/\/jimmobile.be\/wp-json\/wp\/v2\/pages\/3737\/revisions"}],"predecessor-version":[{"id":4049,"href":"https:\/\/jimmobile.be\/wp-json\/wp\/v2\/pages\/3737\/revisions\/4049"}],"wp:attachment":[{"href":"https:\/\/jimmobile.be\/wp-json\/wp\/v2\/media?parent=3737"}],"wp:term":[{"taxonomy":"yst_prominent_words","embeddable":true,"href":"https:\/\/jimmobile.be\/wp-json\/wp\/v2\/yst_prominent_words?post=3737"}],"curies":[{"name":"wp","href":"https:\/\/api.w.org\/{rel}","templated":true}]}}