{"id":499,"date":"2017-03-23T23:52:21","date_gmt":"2017-03-23T22:52:21","guid":{"rendered":"https:\/\/jimmobile.be\/fr\/homepage-fr"},"modified":"2025-01-23T14:33:36","modified_gmt":"2025-01-23T14:33:36","slug":"homepage-fr","status":"publish","type":"page","link":"https:\/\/jimmobile.be\/","title":{"rendered":"homepage FR"},"content":{"rendered":"<p><!-- START PART [prepaid-styling-new] [2507] --><!-- note: this contains the styles used on the new prepaid page.  They are not align with the rest of the theme, hence\r\nthis part.  We definately need to align this with other pages and remove this part. -->\r\n\r\n<!-- noformat on -->\r\n\r\n<style>\r\n\t\r\n\ta.cta-button {\r\n\t\tfont-size: 22px;\r\n\t\tmin-width: min-content;\r\n\t}\r\n\t\r\n\t.read-on {\r\n\t\tcursor: pointer;\r\n\t\tdisplay: block;\r\n\t\tmargin: 4em auto;\r\n\t\twidth: 2em;\r\n\t\theight: 2em;\r\n\t\tbackground: transparent url('\/content\/themes\/jim\/img\/read_on.svg') no-repeat;\r\n\t\tbackground-size: contain;\r\n\t}\r\n\r\n.read-on + h2.section-title {\r\n    margin-top: 0;\r\n}\r\n\r\nh2.section-title {\r\n    margin-top: 4em;\r\n}\r\n\r\narticle div.tariffs {\r\n\tpadding: 0;\r\n}\r\n\t\r\narticle .tariffs .alternatives-3 {\r\n\tjustify-content: space-around;\t\r\n}\r\n\t\r\narticle .tariffs .strapline {\r\n\tpadding: .75em;\r\n\tbackground-color: #00000010;\r\n\ttext-align: center;\r\n}\r\n\r\narticle .tariffs .alternatives-3 > * {\r\n\tflex-grow: 0;\r\n}\r\n\t\r\narticle .alternative-em-block {\r\n    overflow: hidden;\r\n}\r\n\r\n.impressive {\r\n    color: #345ea5;\r\n}\r\n\r\n.pricing {\r\n    margin: 1em auto;\r\n    display: block;\r\n    background: transparent url('\/content\/themes\/jim\/img\/bubble.svg') no-repeat center;\r\n    background-size: cover;\r\n    width: 150px;\r\n    height: 150px;\r\n    color: white;\r\n    padding: 40px 15px;\r\n    box-sizing: border-box;\r\n}\r\n\r\n.pricing .number {\r\n    color: #ffcd00;\r\n    font-size: 65px;\r\n    font-weight: bold;\r\n}\r\n\r\n.pricing .currency {\r\n    color: #ffcd00;\r\n    font-weight: bold;\r\n}\r\n\r\n.pricing .old-price {\r\n    position: relative;\r\n    font-size: 80%;\r\n}\r\n\r\n.pricing .old-price::after {\r\n    content: '-';\r\n    background: transparent url('\/content\/themes\/jim\/img\/strikethrough.svg') no-repeat center;\r\n    background-size: 100% 100%;\r\n    position: absolute;\r\n    color: transparent;\r\n    top: 0;\r\n    left: 0;\r\n    width: 100%;\r\n    height: 18px;\r\n}\r\n\r\n.pricing .unit {\r\n    font-size: 50%;\r\n    line-height: 0;\r\n    display: block;\r\n}\r\n\r\n\t@media(min-width: 700px){\r\n\t.alternative-em-block.tariffs {\r\n\t\tposition: relative;\r\n\t\tpadding: 10px 280px 20px 25px;\r\n\t}\r\n\t\r\n\t.alternative-em-block.tariffs .strapline {\r\n\t\tcolor: white;\r\n\t\tfont-weight: bold;\r\n\t\tbackground-color: #345e9c;\r\n\t\tposition: absolute;\r\n\t\tright: -50px;\r\n\t\ttop: -70px;\r\n\t\theight: 100%;\r\n\t\twidth: 205px;\r\n\t\tmargin: 0;\r\n\t\tborder-radius: 2000px;\r\n\t\tpadding: 125px 80px 15px 40px;\r\n\t\tbox-sizing: content-box;\r\n\t}\r\n\t\r\n}\r\n\t.tariffs .tariff {\r\n\t\tposition: relative;\r\n\t\tmargin: 1em auto;\r\n\t\tmargin-top: 25px;\r\n\t\tdisplay: block;\r\n\t\tbackground: transparent url(\/content\/themes\/jim\/img\/bubble.svg) no-repeat center;\r\n\t\tbackground-size: cover;\r\n\t\twidth: 120px;\r\n\t\theight: 120px;\r\n\t\tcolor: white;\r\n\t\tfont-size: 13px;\r\n\t\tpadding: 43px 0 20px 4px;\r\n\t\ttext-align: center;\r\n\t\tbox-sizing: border-box;\r\n\t\tline-height: 1;\r\n\t}\r\n\t\r\n\t.tariffs .tariff p {\r\n\t\tmargin: 0;\r\n\t}\r\n\t\r\n\t.tariffs .tariff strong {\r\n\t\tdisplay: block;\r\n\t\tfont-size: 22px;\r\n\t}\r\n\t\r\n\t.tariffs .tariff img {\r\n\t\tposition: absolute;\r\n\t\ttop: -14px;\r\n\t\tleft: -20px;\r\n\t\twidth: 50px;\r\n\t}\r\n\r\n\t.tariffs .tariff .us {\r\n\t\tdisplay: block;\r\n\t\tfont-weight: bold;\r\n\t\tfont-size: 25px;\r\n\t}\r\n\r\n.tariff .comparison {\r\n    position: relative;\r\n    margin-top: 50px;\r\n    padding: 10px 0;\r\n    background-color: #345ea5;\r\n    color: #ffcd00;\r\n    font-weight: bold;\r\n    border-radius: 5px;\r\n}\r\n\r\n.tariff .comparison::after {\r\n    content: '?';\r\n    color: #345ea5;\r\n    font-size: 80px;\r\n    position: absolute;\r\n    top: 0;\r\n    left: 50%;\r\n    transform: translateX(-50%) scale(1, .5) translateY(-100%) ;\r\n}\r\n\r\n.reload-option {\r\n    margin: 0 auto;\r\n}\r\n\t\r\n.reload-option a {\r\n\ttext-decoration: none;\t\r\n}\r\n\r\n.reload-amount {\r\n    margin: 1em auto;\r\n    display: block;\r\n    background: transparent url('\/content\/themes\/jim\/img\/bubble.svg') no-repeat center;\r\n    background-size: cover;\r\n    width: 120px;\r\n    height: 120px;\r\n    color: white;\r\n    font-weight: bold;\r\n    padding: 33px 0 20px 0;\r\n    text-align: center;\r\n    box-sizing: border-box;\r\n    line-height: 0.9;\r\n}\r\n\r\n.reload-amount .amount {\r\n    font-size: 50px;\r\n}\r\n\r\n.freebie-content {\r\n    display: block;\r\n    width: 150px;\r\n    margin: 0 auto;\r\n    background-color: #e5eaf2;\r\n    border-radius: 100px;\r\n}\r\n\r\n.freebie-description {\r\n    font-size: 75%;\r\n}\r\n\r\n.effectively-nothing .freebie-content, .effectively-nothing .freebie-description {\r\n    opacity: 0;\r\n}\r\n\r\n.focus-points {\r\n    display: flex;\r\n    flex-wrap: wrap;\r\n    justify-content: space-between\r\n}\r\n\r\n.focus-points > * {\r\n    display: block;\r\n    width: 250px;\r\n    flex-grow: 1;\r\n    background: transparent url('\/content\/themes\/jim\/img\/check_blue.svg') no-repeat 8px 4px;\r\n    background-size: auto 20px;\r\n    padding: 5px 0;\r\n    padding-left: 40px;\r\n    box-sizing: border-box;\r\n    font-size: 80%;\r\n    line-height: 20px;\r\n}\r\n\r\n.bundle-overview {\r\n    margin-top: 4em;\r\n    border: none;\r\n    border-radius: 9px;\r\n    overflow: hidden;\r\n}\r\n\r\n.bundle-overview td {\r\n    border: none;\r\n\tbackground-color: #e5eaf2;\r\n}\r\n\t\r\narticle table.bundle-overview tbody tr:nth-child(odd) td {\r\n\tbackground-color: #e5eaf2;\r\n}\r\n\r\n.bundle-overview th {\r\n    background-color: rgb(52,94,165);\r\n    color: white;\r\n    text-transform: uppercase;\r\n    font-size: 60%\r\n}\r\n\r\narticle .alternatives-3.tariffs > div {\r\n    flex-grow: 1;\r\n    min-width: 200px;\r\n}\r\n\t\r\narticle .quick-links h3 {\r\n\ttext-transform: initial;\r\n}\r\n\t\r\narticle .quick-links .quick-link {\r\n\tbackground-color: #e5eaf2;\r\n\tcolor: #345e9c;\r\n\tborder-radius: 3px;\r\n\tmargin: 10px 3px;\r\n\tpadding: 42px 20px 28px;\r\n\tfont-weight: 500;\r\n}\r\n\t\r\narticle .quick-links .quick-link img {\r\n\tmax-height: 60px;\t\r\n\tmargin-bottom: 15px;\r\n}\r\n\r\n@media(max-width: 750px){\r\n\r\n    article .alternatives-3.tariffs {\r\n        display: block;\r\n    }\r\n\r\n    article .alternatives-3.tariffs > div {\r\n        max-width: 400px;\r\n        width: auto;\r\n        margin-left: auto;\r\n        margin-right: auto;\r\n    }\r\n    \r\n        \r\n}\r\n\r\n@media(max-width: 450px){\r\n\t\r\n\t\t\r\n\tarticle .alternatives-3 {\r\n\t\tflex-direction: column;\r\n\t}\r\n\t\r\n\tarticle .alternatives-3 > div {\r\n\t\twidth: auto;\r\n\t}\r\n\r\n\tarticle .alternatives-4 {\r\n\t\tflex-direction: column;\r\n\t}\r\n\t\r\n\tarticle .alternatives-4 > div {\r\n\t\twidth: auto;\r\n\t}\r\n\t\r\n\t\r\n\t.effectively-nothing .freebie-content, .effectively-nothing .freebie-description {\r\n\t\tdisplay: none;\r\n\t}\r\n\r\n\t\r\n    .usage-pattern .title {\r\n        margin: auto;\r\n    }\r\n\r\n    .usage-patterns svg {\r\n        display: block;\r\n        position: static;\r\n        margin: 0 auto;\r\n        height: 200px;\r\n        transform: none;\r\n    }\r\n\r\n    .usage-patterns .example {\r\n        left: auto;\r\n        transform: none;\r\n        bottom: auto;\r\n        width: auto;\r\n        position: static;\r\n        max-width: initial;\r\n    }\r\n\r\n    .amount-selector {\r\n        margin-bottom: 1em;\r\n    }\r\n\r\n}\r\n<\/style>\r\n\r\n<script>\r\n\t$(function(){\r\n\t\t$('.read-on, .read-on-alt').click(function(){\r\n\t\t\t$target = $(this).next();\r\n\t\t\t$([document.documentElement, document.body]).animate({\r\n\t\t\t\tscrollTop: $target.offset().top - 20\r\n\t\t\t}, 500);\r\n\t\t\r\n\t\t});\r\n\t});\r\n<\/script>\r\n\r\n\r\n<!-- noformat off --><!-- END PART [prepaid-styling-new] [2507] --><br \/>\n<!-- no part found: promo-bol-fr --><br \/>\nChez JIM Mobile, nous croyons qu\u0092appeler, surfer mobile, et envoyer des SMS ne doit pas \u00eatre cher. Voil\u00e0 pourquoi nous avons <a href=\"\/fr\/carte-prepayee\/\">les tarifs pr\u00e9pay\u00e9s les plus bas de Belgique<\/a>.<\/p>\n<p><!-- START PART [homeblock_fr] [2961] --><!-- noformat on -->\r\n<style>\r\n\t.alternative-em-block.homeblock .cta-button {\r\n\t\tpadding: 15px 30px;\r\n\t\tborder-radius: 100px;\r\n\t\tmargin-bottom: 1em;\r\n\t}\r\n\t.alternative-em-block.homeblock {\r\n\t\tdisplay: flex;\r\n\t}\r\n\t.alternative-em-block.homeblock .new-sim {\r\n\t\tbackground: #345e9c;\r\n\t\tcolor: #fff;\r\n\t\tpadding: 200px 66px 200px 130px;\r\n\t\tposition: relative;\r\n\t\tmargin: -200px 48px -200px -81px;\r\n\t\ttext-align: center;\r\n\t\tborder-radius: 100%;\r\n\t\twidth: 50%;\r\n\t}\r\n\t.alternative-em-block.homeblock .topup-sim {\r\n\t\ttext-align: center;\r\n\t}\r\n\t.alternative-em-block.homeblock .topup-sim .cta-button {\r\n\t\tbackground: #345e9c;\r\n\t\tcolor: white;\r\n\t}\r\n\r\n\t.alternative-em-block.homeblock .topup-sim .cta-button:hover {\r\n\t\tbackground: #244e8c;\r\n\t\tcolor: white;\r\n\t}\r\n\r\n\t.alternative-em-block.homeblock .new-sim h3 {\r\n\t\tcolor: white;\r\n\t}\r\n\r\n\t@media(max-width: 700px){\r\n\t\t.alternative-em-block.homeblock {\r\n\t\t\tflex-direction: column;\r\n\t\t}\r\n\r\n\t\t.alternative-em-block.homeblock .new-sim {\r\n\t\t\tpadding: 71px 280px 36px 280px;\r\n    \t\tmargin: -80px -270px 17px -270px;\r\n\t\t\ttext-align: center;\r\n\t\t\twidth: auto;\r\n\t\t}\r\n\t}\r\n<\/style>\r\n<!-- noformat off -->\r\n\r\n<div class=\"alternative-em-block homeblock\">\r\n<div class=\"new-sim\">\r\n\t<h3>Deviens JIM Mobile aujourd'hui!<\/h3>\r\n\t<p>Appelle, surfe et envoie des SMS aux meilleurs tarifs pr\u00e9pay\u00e9s sur le march\u00e9.<\/p>\r\n\t<a href=\"\/fr\/carte-prepayee\" class=\"cta-button\">Commande ta carte SIM<\/a>\r\n<\/div>\r\n<div class=\"topup-sim\">\r\n\t<h3>Recharge en ligne ici!<\/h3>\r\n\t<p>Plus de cr\u00e9dit? Tu peux recharger facilement en ligne.<\/p>\r\n\t<a href=\"\/fr\/e-services\/#!\/reload\" class=\"cta-button\">Recharge ta carte SIM<\/a>\r\n<\/div>\r\n<\/div><!-- END PART [homeblock_fr] [2961] --><\/p>\n<p><a class=\"cta-button\" href=\"\/fr\/carte-prepayee\/\">Voir nos offres<\/a><\/p>\n<div class=\"quick-links\" style=\"margin-top: 6em;\">\n<h3>Liens utiles<\/h3>\n<div class=\"quick-links-container\"><a class=\"quick-link\" href=\"\/fr\/contact\/\"><img decoding=\"async\" src=\"https:\/\/ire-s3-prod-unl-jim-web.s3.eu-west-1.amazonaws.com\/content\/uploads\/2022\/07\/13150737\/care.svg_.png\" alt=\"\"><br \/>\nAide &amp; Support<\/a><br \/>\n<a class=\"quick-link\" href=\"\/fr\/lappli-jim-mobile\/\"><img decoding=\"async\" src=\"https:\/\/ire-s3-prod-unl-jim-web.s3.eu-west-1.amazonaws.com\/content\/uploads\/2022\/07\/13150735\/app.svg_.png\" alt=\"\"><br \/>\nL&rsquo;appli JIM Mobile<\/a><br \/>\n<a class=\"quick-link\" href=\"\/fr\/tarifs-internationaux-et-roaming\/\"><img decoding=\"async\" src=\"\/\/ire-s3-prod-unl-jim-web.s3.eu-west-1.amazonaws.com\/content\/uploads\/2019\/05\/09104657\/globe.png\" alt=\"\"><br \/>\nRoaming<\/a><br \/>\n<a class=\"quick-link\" href=\"https:\/\/mobilevikings.be\/fr\/setup\/\"><img decoding=\"async\" src=\"https:\/\/ire-s3-prod-unl-jim-web.s3.eu-west-1.amazonaws.com\/content\/uploads\/2022\/07\/13150726\/configure.svg_.png\" alt=\"\"><br \/>\nConfigure ton GSM<\/a><\/div>\n<\/div>\n","protected":false},"excerpt":{"rendered":"Chez JIM Mobile, nous croyons qu\u0092appeler, surfer mobile, et envoyer des SMS ne doit pas \u00eatre cher. Voil\u00e0 pourquoi nous avons les tarifs pr\u00e9pay\u00e9s les plus bas de Belgique. Voir nos offres Liens utiles Aide &amp; Support L&rsquo;appli JIM Mobile Roaming Configure ton GSM","protected":false},"author":12,"featured_media":1579,"parent":0,"menu_order":0,"comment_status":"closed","ping_status":"closed","template":"","meta":{"footnotes":"","_locale":"fr_BE","_original_post":"496"},"yst_prominent_words":[],"acf":[],"_links":{"self":[{"href":"https:\/\/jimmobile.be\/wp-json\/wp\/v2\/pages\/499"}],"collection":[{"href":"https:\/\/jimmobile.be\/wp-json\/wp\/v2\/pages"}],"about":[{"href":"https:\/\/jimmobile.be\/wp-json\/wp\/v2\/types\/page"}],"author":[{"embeddable":true,"href":"https:\/\/jimmobile.be\/wp-json\/wp\/v2\/users\/12"}],"replies":[{"embeddable":true,"href":"https:\/\/jimmobile.be\/wp-json\/wp\/v2\/comments?post=499"}],"version-history":[{"count":70,"href":"https:\/\/jimmobile.be\/wp-json\/wp\/v2\/pages\/499\/revisions"}],"predecessor-version":[{"id":4661,"href":"https:\/\/jimmobile.be\/wp-json\/wp\/v2\/pages\/499\/revisions\/4661"}],"wp:featuredmedia":[{"embeddable":true,"href":"https:\/\/jimmobile.be\/wp-json\/wp\/v2\/media\/1579"}],"wp:attachment":[{"href":"https:\/\/jimmobile.be\/wp-json\/wp\/v2\/media?parent=499"}],"wp:term":[{"taxonomy":"yst_prominent_words","embeddable":true,"href":"https:\/\/jimmobile.be\/wp-json\/wp\/v2\/yst_prominent_words?post=499"}],"curies":[{"name":"wp","href":"https:\/\/api.w.org\/{rel}","templated":true}]}}