{"id":514,"date":"2017-04-19T12:50:19","date_gmt":"2017-04-19T11:50:19","guid":{"rendered":"https:\/\/jimmobile.be\/fr\/abonnement"},"modified":"2019-05-09T22:23:05","modified_gmt":"2019-05-09T22:23:05","slug":"abonnement","status":"publish","type":"page","link":"https:\/\/jimmobile.be\/fr\/abonnement\/","title":{"rendered":"Abonnement"},"content":{"rendered":"<p><!-- START PART [postpaid-outphasing-disclaimer-fr] [2877] --><div class=\"alternative-em-block\" style=\"text-align: center;\">\r\n\t<p>Cher(\u00e8re) client(e) JIM Mobile,<br \/>\r\n\u00c0 partir de f\u00e9vrier 2018, nous nous consacrons \u00e0 t'offrir <a href=\"\/fr\/carte-prepayee\/\">les tarifs pr\u00e9pay\u00e9s les plus bas de Belgique<\/a>.   C'est pourquoi nous n'offrons plus de nouveaux abonnements.<\/p>\r\n\t<p>Tu as d\u00e9j\u00e0 un abonnement JIM Mobile ? Alors rien ne changera. Tu peux continuer \u00e0 appeler, \u00e0 surfer, et \u00e0 envoyer des SMS \u00e0 des tarifs avantageux avec ton abonnement actuel.<\/p><\/div><!-- END PART [postpaid-outphasing-disclaimer-fr] [2877] --><\/p>\n<h2>Tarifs<\/h2>\n<p style=\"text-align: center;\">Tu paies par m\u00e9gabyte ou minute d\u0092appel utilis\u00e9(e). Plus ton forfait mensuel est \u00e9lev\u00e9, moins cher sera le prix par minute ou par m\u00e9gabyte.<\/p>\n<p><!-- START PART [vergelijking-abonnementen-fr] [1385] --><div class=\"alternatives-3\">\r\n    <div>\r\n\r\n        <img class=\"alignnone size-full wp-image-1390\" src=\"\/\/ire-s3-prod-unl-jim-web.s3.eu-west-1.amazonaws.com\/content\/uploads\/2017\/10\/19191538\/1484472406145-1.png\" alt=\"\" \/>\r\n        <div class=\"feature-cell\" style=\"text-align: center;\"><img class=\"alignnone size-full wp-image-535\" src=\"\/\/ire-s3-prod-unl-jim-web.s3.eu-west-1.amazonaws.com\/content\/uploads\/2017\/04\/14153447\/world_ico.png\" alt=\"\" \/><strong>\u0080 0,008\/MB<\/strong>\r\n            Jusqu'\u00e0 1,25 GB<\/div>\r\n        <div class=\"hr-divider\"><\/div>\r\n        <div class=\"feature-cell\" style=\"text-align: center;\"><img class=\"alignnone size-full wp-image-533\" src=\"\/\/ire-s3-prod-unl-jim-web.s3.eu-west-1.amazonaws.com\/content\/uploads\/2017\/04\/14153445\/phone_ico.png\" alt=\"\" \/><strong>\u0080 0,08\/MIN<\/strong>\r\n            Jusqu'\u00e0 125 MIN<\/div>\r\n\r\n    <\/div>\r\n    <div>\r\n\r\n        <img class=\"alignnone size-full wp-image-1389\" src=\"\/\/ire-s3-prod-unl-jim-web.s3.eu-west-1.amazonaws.com\/content\/uploads\/2017\/10\/19191528\/1484472410115-1.png\" alt=\"\" \/>\r\n        <div class=\"feature-cell\" style=\"text-align: center;\"><img class=\"alignnone size-full wp-image-535\" src=\"\/\/ire-s3-prod-unl-jim-web.s3.eu-west-1.amazonaws.com\/content\/uploads\/2017\/04\/14153447\/world_ico.png\" alt=\"\" \/><strong>\u0080 0,005\/MB<\/strong>\r\n            Jusqu'\u00e0 3 GB<\/div>\r\n        <div class=\"hr-divider\"><\/div>\r\n        <div class=\"feature-cell\" style=\"text-align: center;\"><img class=\"alignnone size-full wp-image-533\" src=\"\/\/ire-s3-prod-unl-jim-web.s3.eu-west-1.amazonaws.com\/content\/uploads\/2017\/04\/14153445\/phone_ico.png\" alt=\"\" \/><strong>\u0080 0,075\/MIN<\/strong>\r\n            Jusqu'\u00e0 200 MIN<\/div>\r\n\r\n    <\/div>\r\n    <div>\r\n\r\n        <img class=\"alignnone size-full wp-image-1388\" src=\"\/\/ire-s3-prod-unl-jim-web.s3.eu-west-1.amazonaws.com\/content\/uploads\/2017\/10\/19191517\/14844724152711.png\" alt=\"\" \/>\r\n        <div class=\"feature-cell\" style=\"text-align: center;\"><img class=\"alignnone size-full wp-image-535\" src=\"\/\/ire-s3-prod-unl-jim-web.s3.eu-west-1.amazonaws.com\/content\/uploads\/2017\/04\/14153447\/world_ico.png\" alt=\"\" \/><strong>\u0080 0,005\/MB<\/strong>\r\n            Jusqu'\u00e0 4 GB<\/div>\r\n        <div class=\"hr-divider\"><\/div>\r\n        <div class=\"feature-cell\" style=\"text-align: center;\"><img class=\"alignnone size-full wp-image-533\" src=\"\/\/ire-s3-prod-unl-jim-web.s3.eu-west-1.amazonaws.com\/content\/uploads\/2017\/04\/14153445\/phone_ico.png\" alt=\"\" \/><strong>\u0080 0,06\/MIN<\/strong>\r\n            Jusqu'\u00e0 333 MIN<\/div>\r\n\r\n    <\/div>\r\n<\/div><!-- END PART [vergelijking-abonnementen-fr] [1385] --><\/p>\n<div class=\"hr-divider\"><\/div>\n<h3><span style=\"font-size: 24pt;\">&nbsp;SMS sont toujours gratuits *<\/span><\/h3>\n<div class=\"hr-divider\"><\/div>\n<div class=\"em-block\" style=\"text-align: center;\"><!-- START PART [abonnement-zowerkthet-fr] [1392] --><h3 style=\"text-align: center;\">L\u0092abonnement JIM Mobile : voil\u00e0 comment \u00e7a marche !<\/h3>\r\n<p>Chaque mois, tu disposes d\u0092un montant fixe avec lequel tu peux t\u00e9l\u00e9phoner, surfer et envoyer des SMS. Tu d\u00e9cides de ce que tu fais avec ce montant. Tu paies par m\u00e9gabyte ou par minute consomm\u00e9(e). Ce montant est automatiquement d\u00e9duit de ton forfait mensuel.<\/p>\r\n\r\n<p>Avec l\u0092abonnement \u00e0 10 \u0080, tu paies 0,008 \u0080\/m\u00e9gabyte et 0,08 \u0080\/minute. Concr\u00e8tement : Si tu t\u00e9l\u00e9phones pendant 10 minutes, 0,80 \u0080 seront d\u00e9duits de ton forfait mensuel et il te restera encore 9,20 \u0080. Pour 10 \u0080\/mois, tu surfes pour 1,25 GB maximum (sans t\u00e9l\u00e9phoner) ou tu appelles pendant 125 minutes maximum (sans surf). Ton forfait mensuel est \u00e9puis\u00e9 ? Continue simplement \u00e0 appeler et \u00e0 surfer aux m\u00eames tarifs avantageux. Les curseurs ci-dessous affichent toutes les combinaisons possibles par abonnement.<\/p>\r\n\r\n<div class=\"alternatives-3\">\r\n<div style=\"margin-top: 2.5em;\">\r\n\r\n<strong>\u0080 10 par mois<\/strong>\r\n<div class=\"abbo-slider\">\r\n\r\n<input id=\"slider_10\" type=\"range\" data-maxdata=\"1.25\" data-maxtime=\"125\" \/>\r\n<div class=\"slider-values\">\r\n<p class=\"data-value data-value-10\">data<\/p>\r\n<p class=\"time-value time-value-10\">time<\/p>\r\n\r\n<\/div>\r\n<div class=\"slider-info\">\r\n<p class=\"data-info\">(\u00800,008 \/ MB)<\/p>\r\n<p class=\"call-info\">(\u00800,08 \/ MIN)<\/p>\r\n\r\n<\/div>\r\n<\/div>\r\n\r\n<\/div>\r\n<div style=\"margin-top: 2.5em;\">\r\n\r\n<strong>\u0080 15 par mois<\/strong>\r\n<div class=\"abbo-slider\">\r\n\r\n<input id=\"slider_15\" type=\"range\" data-maxdata=\"3\" data-maxtime=\"200\" \/>\r\n<div class=\"slider-values\">\r\n<p class=\"data-value data-value-15\">data<\/p>\r\n<p class=\"time-value time-value-15\">time<\/p>\r\n\r\n<\/div>\r\n<div class=\"slider-info\">\r\n<p class=\"data-info\">(\u00800,005 \/ MB)<\/p>\r\n<p class=\"call-info\">(\u00800,075 \/ MIN)<\/p>\r\n\r\n<\/div>\r\n<\/div>\r\n\r\n<\/div>\r\n<div style=\"margin-top: 2.5em;\">\r\n\r\n<strong>\u0080 20 par mois<\/strong>\r\n<div class=\"abbo-slider\">\r\n\r\n<input id=\"slider_20\" type=\"range\" data-maxdata=\"4\" data-maxtime=\"333\" \/>\r\n<div class=\"slider-values\">\r\n<p class=\"data-value data-value-20\">data<\/p>\r\n<p class=\"time-value time-value-20\">time<\/p>\r\n\r\n<\/div>\r\n<div class=\"slider-info\">\r\n<p class=\"data-info\">(\u00800,005 \/ MB)<\/p>\r\n<p class=\"call-info\">(\u00800,06 \/ MIN)<\/p>\r\n\r\n<\/div>\r\n<\/div>\r\n\r\n<\/div>\r\n<\/div>\r\n<script>\r\n\t(function(){\r\n\t\tvar initSliders = function(){\r\n\t\t\t$(function(){\r\n\t\t\t\t$('.abbo-slider input').each(function(){\r\n\t\t\t\t\t$(this).makeSlider({\r\n\t\t\t\t\t\tmaxDataAmount: $(this).data('maxdata'),\r\n\t\t\t\t\t\tmaxTimeAmount: $(this).data('maxtime')\r\n\t\t\t\t\t});\r\n\t\t\t\t});\r\n\t\t\t});\r\n\t\t};\r\n\t\tvar initIfReady = function(){\r\n\t\t\tif (window.$) initSliders();\r\n\t\t\telse setTimeout(initIfReady, 300);\r\n\t\t};\r\n\t\tinitIfReady();\r\n\t}())\r\n<\/script><!-- END PART [abonnement-zowerkthet-fr] [1392] --><\/div>\n<div class=\"alternative-em-block\" style=\"text-align: left;\">\n<h3><strong>Tes avantages<\/strong><\/h3>\n<ol>\n<li><strong>Pas de nombre fixe de m\u00e9gabytes et de minutes d\u0092appel<\/strong> : tu d\u00e9termines toi-m\u00eame chaque mois ce que tu fais avec ton abonnement.<\/li>\n<li><strong>Tout se fait automatiquement<\/strong> : \u00e9tant donn\u00e9 que tu paies par m\u00e9gabyte ou minute d\u0092appel utilis\u00e9(e), tu ne dois rien d\u00e9cider \u00e0 l\u0092avance.<\/li>\n<li><strong>Pas de tarifs \u00e9lev\u00e9s si tu d\u00e9passes ton forfait<\/strong> : si tu as enti\u00e8rement consomm\u00e9 ton forfait mensuel, tu continues simplement \u00e0 surfer et \u00e0 t\u00e9l\u00e9phoner aux m\u00eames tarifs avantageux.<\/li>\n<li><strong>SMS gratuits illimit\u00e9s*.<\/strong><\/li>\n<li><b>D\u00e9finir un montant maximum pour ton abonnement :<\/b> Pour garantir que les co\u00fbts de ta facture ne s\u0092envolent pas, tu peux param\u00e9trer un montant maximum pour ta facture ou ton d\u00e9compte. En cas de d\u00e9passement de ce montant, tu ne pourras plus ni surfer ni t\u00e9l\u00e9phoner pendant ce mois-l\u00e0.<\/li>\n<\/ol>\n<\/div>\n<footer>\n<!-- START PART [voettext-postpaid-fr] [1405] --><footer style=\"margin-top: 2.5em;\">\r\n<div>* Offre soumise au <a href=\"\/fr\/conditions-normales-dutilisation-dans-le-cadre-dune-offre-illimitee\/\">conditions d\u0092un usage personnel et priv\u00e9 normal dans le cadre d\u0092une offre illimit\u00e9e<\/a>.<\/div>\r\n<\/footer><footer>\r\n<h5>Conditions et tarifs<\/h5>\r\n<div>Tous les tarifs JIM Mobile sont soumis aux conditions g\u00e9n\u00e9rales de Unleashed S.A., sont r\u00e9serv\u00e9s \u00e0 un usage personnel et priv\u00e9 et sont uniquement d\u0092application pour les appels et les SMS nationaux, hors num\u00e9ros sp\u00e9ciaux et services de tiers. Les SMS, les minutes d\u0092appels et les MB sont valables en Belgique et l'UE mais ne sont pas valables vers les num\u00e9ros sp\u00e9ciaux. Tu peux faire usage des services de tiers et des num\u00e9ros sp\u00e9ciaux: ces usages te seront d\u00e9duits de ton cr\u00e9dit d'appel. Apr\u00e8s la premi\u00e8re minute, tu paies \u00e0 la seconde. Pour conna\u00eetre les tarifs vers les num\u00e9ros sp\u00e9ciaux (070, 077, 0900\u0085), envoie un courriel \u00e0 <a href=\"mailto:info@jimmobile.be\" target=\"_blank\" rel=\"noopener noreferrer\">info@jimmobile.be<\/a> ou appelle le <a href=\"tel:1984\">1984<\/a> (gratuit en Belgique) ou le <a href=\"tel:+32456191984\">+32 (0) 456 19 1984<\/a> chaque jour ouvrable entre 8h30 et 17h. L'avantage social n'est pas disponible sur les tarifs de JIM Mobile.<\/div>\r\n<\/footer><!-- END PART [voettext-postpaid-fr] [1405] --><\/p>\n<\/footer>\n","protected":false},"excerpt":{"rendered":"Tarifs Tu paies par m\u00e9gabyte ou minute d\u0092appel utilis\u00e9(e). Plus ton forfait mensuel est \u00e9lev\u00e9, moins cher sera le prix par minute ou par m\u00e9gabyte. &nbsp;SMS sont toujours gratuits * Tes avantages Pas de nombre fixe de m\u00e9gabytes et de minutes d\u0092appel : tu d\u00e9termines toi-m\u00eame chaque mois ce que tu fais avec ton abonnement. [&hellip;]","protected":false},"author":15,"featured_media":1579,"parent":0,"menu_order":0,"comment_status":"closed","ping_status":"closed","template":"","meta":{"footnotes":"","_locale":"fr_BE","_original_post":"15"},"yst_prominent_words":[],"acf":[],"_links":{"self":[{"href":"https:\/\/jimmobile.be\/wp-json\/wp\/v2\/pages\/514"}],"collection":[{"href":"https:\/\/jimmobile.be\/wp-json\/wp\/v2\/pages"}],"about":[{"href":"https:\/\/jimmobile.be\/wp-json\/wp\/v2\/types\/page"}],"author":[{"embeddable":true,"href":"https:\/\/jimmobile.be\/wp-json\/wp\/v2\/users\/15"}],"replies":[{"embeddable":true,"href":"https:\/\/jimmobile.be\/wp-json\/wp\/v2\/comments?post=514"}],"version-history":[{"count":38,"href":"https:\/\/jimmobile.be\/wp-json\/wp\/v2\/pages\/514\/revisions"}],"predecessor-version":[{"id":4073,"href":"https:\/\/jimmobile.be\/wp-json\/wp\/v2\/pages\/514\/revisions\/4073"}],"wp:featuredmedia":[{"embeddable":true,"href":"https:\/\/jimmobile.be\/wp-json\/wp\/v2\/media\/1579"}],"wp:attachment":[{"href":"https:\/\/jimmobile.be\/wp-json\/wp\/v2\/media?parent=514"}],"wp:term":[{"taxonomy":"yst_prominent_words","embeddable":true,"href":"https:\/\/jimmobile.be\/wp-json\/wp\/v2\/yst_prominent_words?post=514"}],"curies":[{"name":"wp","href":"https:\/\/api.w.org\/{rel}","templated":true}]}}