{"id":553,"date":"2017-04-26T13:29:29","date_gmt":"2017-04-26T12:29:29","guid":{"rendered":"https:\/\/jimmobile.be\/fr\/reseau-4g"},"modified":"2019-06-21T13:56:14","modified_gmt":"2019-06-21T13:56:14","slug":"reseau-4g","status":"publish","type":"page","link":"https:\/\/jimmobile.be\/fr\/reseau-4g\/","title":{"rendered":"reseau 4G"},"content":{"rendered":"<h2 style=\"text-align: center;\">R\u00e9seau 4G super rapide pour tous les clients JIM Mobile<\/h2>\n<h3 style=\"text-align: left;\">Avec la 4G, tu peux &#8230;<\/h3>\n<ul>\n<li>surfer \u00e0 super grande vitesse, jusqu&rsquo;\u00e0 <strong>10x plus vite<\/strong> qu&rsquo;en 3G<\/li>\n<li>regarder des vid\u00e9os en HD sur YouTube sans devoir attendre<\/li>\n<li>partager des photos et des vid\u00e9os de haute qualit\u00e9 sur Facebook et Twitter<\/li>\n<li>t\u00e9l\u00e9charger et utiliser des apps et des jeux en un rien de temps<\/li>\n<\/ul>\n<h3 style=\"text-align: left;\">Qu&rsquo;est-ce qu&rsquo;il te faut?<\/h3>\n<ul>\n<li>un smartphone <strong>compatible 4G<\/strong><\/li>\n<li>un endroit&nbsp;<strong>couvert par la 4G<\/strong><\/li>\n<li>et, bien entendu, l&rsquo;<strong>internet mobile<\/strong> de JIM Mobile&nbsp;!<\/li>\n<\/ul>\n<div class=\"em-block\">\n<h6 style=\"text-align: center;\"><strong>Comment activer l&rsquo;internet mobile?&nbsp;<\/strong><\/h6>\n<p>Je suis d\u00e9j\u00e0 client JIM Mobile.&nbsp;<a href=\"\/fr\/configurer-ton-gsm\/\">Consulte notre configurateur !<\/a><br \/>\nPas encore JIM Mobile?&nbsp;<a href=\"\/fr\/carte-prepayee\/\">Consulte nos tarifs !<\/a><\/p>\n<\/div>\n<div class=\"light-blue-em-block\">\n<h6 style=\"text-align: center;\"><strong>Les chiffres le prouvent : La quelit\u00e9 du r\u00e9seau de JIM Mobile est excellente!&nbsp;<\/strong><\/h6>\n<p>JIM Mobile utilise le reseau Orange<\/p>\n<ol>\n<li>Le reseau de JIM Mobile excelle en ce qui concerne la qualit\u00e9 du r\u00e9seau d&rsquo;appel<strong> (2G)<\/strong>.<\/li>\n<li>Le reseau de JIM Mobile est le meilleur en ce qui concerne la qualit\u00e9 de son<strong>&nbsp;r\u00e9seau 3G pour l&rsquo;internet mobile<\/strong>.<\/li>\n<li>En plus, le reseau de JIM Mobile propose un&nbsp;<strong>r\u00e9seau 4G<\/strong>&nbsp;super rapide qui couvre 86% de la population en Belgique.<\/li>\n<\/ol>\n<p><strong>R\u00e9sultat&nbsp;?<\/strong> D&rsquo;apr\u00e8s Ipsos, 93% des clients JIM Mobile sont satisfaits ou extr\u00eamement satisfaits du r\u00e9seau.<\/p>\n<\/div>\n<p>&nbsp;<\/p>\n","protected":false},"excerpt":{"rendered":"R\u00e9seau 4G super rapide pour tous les clients JIM Mobile Avec la 4G, tu peux &#8230; surfer \u00e0 super grande vitesse, jusqu&rsquo;\u00e0 10x plus vite qu&rsquo;en 3G regarder des vid\u00e9os en HD sur YouTube sans devoir attendre partager des photos et des vid\u00e9os de haute qualit\u00e9 sur Facebook et Twitter t\u00e9l\u00e9charger et utiliser des apps [&hellip;]","protected":false},"author":15,"featured_media":0,"parent":0,"menu_order":0,"comment_status":"closed","ping_status":"closed","template":"","meta":{"footnotes":"","_locale":"fr_BE","_original_post":"527"},"yst_prominent_words":[],"acf":[],"_links":{"self":[{"href":"https:\/\/jimmobile.be\/wp-json\/wp\/v2\/pages\/553"}],"collection":[{"href":"https:\/\/jimmobile.be\/wp-json\/wp\/v2\/pages"}],"about":[{"href":"https:\/\/jimmobile.be\/wp-json\/wp\/v2\/types\/page"}],"author":[{"embeddable":true,"href":"https:\/\/jimmobile.be\/wp-json\/wp\/v2\/users\/15"}],"replies":[{"embeddable":true,"href":"https:\/\/jimmobile.be\/wp-json\/wp\/v2\/comments?post=553"}],"version-history":[{"count":8,"href":"https:\/\/jimmobile.be\/wp-json\/wp\/v2\/pages\/553\/revisions"}],"predecessor-version":[{"id":4292,"href":"https:\/\/jimmobile.be\/wp-json\/wp\/v2\/pages\/553\/revisions\/4292"}],"wp:attachment":[{"href":"https:\/\/jimmobile.be\/wp-json\/wp\/v2\/media?parent=553"}],"wp:term":[{"taxonomy":"yst_prominent_words","embeddable":true,"href":"https:\/\/jimmobile.be\/wp-json\/wp\/v2\/yst_prominent_words?post=553"}],"curies":[{"name":"wp","href":"https:\/\/api.w.org\/{rel}","templated":true}]}}