{"id":581,"date":"2017-05-09T13:50:22","date_gmt":"2017-05-09T12:50:22","guid":{"rendered":"https:\/\/jimmobile.be\/fr\/contact"},"modified":"2025-09-09T07:55:31","modified_gmt":"2025-09-09T07:55:31","slug":"contact-3","status":"publish","type":"page","link":"https:\/\/jimmobile.be\/fr\/contact-3\/","title":{"rendered":"Contact"},"content":{"rendered":"<h2>Comment pouvons-nous t&rsquo;aider ?<\/h2>\n<p>As-tu des questions sur ta carte SIM pr\u00e9pay\u00e9e ou ton abonnement ? Nous sommes \u00e0 ta disposition.<br \/>\nASTUCE: cherche d&rsquo;abord ta r\u00e9ponse dans <a href=\"https:\/\/support.jimmobile.be\/hc\/fr\">notre rubrique FAQ<\/a>.<\/p>\n<div class=\"alternative-em-block\" style=\"text-align: center;\">\n<p><span style=\"font-size: 18pt;\"><span style=\"font-size: 18pt;\"><span style=\"font-size: 18pt;\"><strong>Les questions les plus fr\u00e9quemment pos\u00e9es:<\/strong><\/span><\/span><\/span><\/p>\n<p><span style=\"font-size: 14pt;\"><a href=\"\/fr\/configurer-linternet-mobile\/\">Comment reconfigurer mes param\u00e8tres internet mobile pour pouvoir continuer \u00e0 naviguer ?<\/a><br \/>\n<a href=\"\/fr\/shop-locator\/\">O\u00f9 puis-je acheter un ticket de recharge JIM Mobile ?<\/a><\/span><\/p>\n<\/div>\n<h1>Comment nous contacter ?<\/h1>\n<h3>Via email<\/h3>\n<p>Envoie-nous un mail via <a href=\"mailto:info@jimmobile.be\">info@jimmobile.be<\/a><\/p>\n<div class=\"hr-divider\"><\/div>\n<h3 style=\"text-align: center;\">Par t\u00e9l\u00e9phone<\/h3>\n<div>\n<div class=\"title parbase color-jim-yellow section\">\n<div class=\"Title \">\n<p style=\"text-align: center;\"><b>Du lundi au vendredi, entre 8 h 30 et 17 h 30<br \/>\n<\/b>Tu es client JIM Mobile ? Appelle alors gratuitement le <a href=\"tel:1984\">1984<\/a>.<br \/>\nTu n&rsquo;es pas encore client JIM Mobile ou bien tu es client, mais tu appelles depuis l&rsquo;\u00e9tranger ?<br \/>\nAppelle alors le <a href=\"tel:+32456191984\">+32 456 19 19 84<\/a> (tarif local).<\/p>\n<div class=\"hr-divider\"><\/div>\n<p style=\"text-align: center;line-height: 1rem;\"><span style=\"font-size: 10pt;\"><span style=\"color: #345e9c; text-align: center;\">Adresse: <\/span>Mobile Vikings S.A. &#8211; Service client JIM Mobile &#8211; Kempische Steenweg 309 bo\u00eete 1 &#8211; 3500 Hasselt, Belgique<\/span><br \/>\n<span style=\"font-size: 10pt;\"><span style=\"color: #345e9c; text-align: center;\">Num\u00e9ro d&rsquo;entreprise: <\/span>0886946917<\/span><\/p>\n<\/div>\n<\/div>\n<\/div>\n","protected":false},"excerpt":{"rendered":"Comment pouvons-nous t&rsquo;aider ? As-tu des questions sur ta carte SIM pr\u00e9pay\u00e9e ou ton abonnement ? Nous sommes \u00e0 ta disposition. ASTUCE: cherche d&rsquo;abord ta r\u00e9ponse dans notre rubrique FAQ. Les questions les plus fr\u00e9quemment pos\u00e9es: Comment reconfigurer mes param\u00e8tres internet mobile pour pouvoir continuer \u00e0 naviguer ? O\u00f9 puis-je acheter un ticket de recharge [&hellip;]","protected":false},"author":15,"featured_media":1579,"parent":0,"menu_order":0,"comment_status":"closed","ping_status":"closed","template":"","meta":{"footnotes":"","_locale":"fr_BE","_original_post":"31"},"yst_prominent_words":[],"acf":[],"_links":{"self":[{"href":"https:\/\/jimmobile.be\/wp-json\/wp\/v2\/pages\/581"}],"collection":[{"href":"https:\/\/jimmobile.be\/wp-json\/wp\/v2\/pages"}],"about":[{"href":"https:\/\/jimmobile.be\/wp-json\/wp\/v2\/types\/page"}],"author":[{"embeddable":true,"href":"https:\/\/jimmobile.be\/wp-json\/wp\/v2\/users\/15"}],"replies":[{"embeddable":true,"href":"https:\/\/jimmobile.be\/wp-json\/wp\/v2\/comments?post=581"}],"version-history":[{"count":43,"href":"https:\/\/jimmobile.be\/wp-json\/wp\/v2\/pages\/581\/revisions"}],"predecessor-version":[{"id":4728,"href":"https:\/\/jimmobile.be\/wp-json\/wp\/v2\/pages\/581\/revisions\/4728"}],"wp:featuredmedia":[{"embeddable":true,"href":"https:\/\/jimmobile.be\/wp-json\/wp\/v2\/media\/1579"}],"wp:attachment":[{"href":"https:\/\/jimmobile.be\/wp-json\/wp\/v2\/media?parent=581"}],"wp:term":[{"taxonomy":"yst_prominent_words","embeddable":true,"href":"https:\/\/jimmobile.be\/wp-json\/wp\/v2\/yst_prominent_words?post=581"}],"curies":[{"name":"wp","href":"https:\/\/api.w.org\/{rel}","templated":true}]}}