{"id":625,"date":"2017-09-04T15:04:48","date_gmt":"2017-09-04T14:04:48","guid":{"rendered":"https:\/\/jimmobile.be\/fr\/internet-mobile-pas-cher-2"},"modified":"2019-05-09T22:13:57","modified_gmt":"2019-05-09T22:13:57","slug":"internet-mobile-pas-cher","status":"publish","type":"page","link":"https:\/\/jimmobile.be\/fr\/internet-mobile-pas-cher\/","title":{"rendered":"Internet mobile pas cher"},"content":{"rendered":"<p>Ton cr\u00e9dit d&rsquo;appel de ta carte pr\u00e9pay\u00e9e ne sert plus uniquement \u00e0 surfer, appeler, et envoyer des SMS \u00e0 petit prix. Tu l&rsquo;utilises aussi pour acheter des forfaits avantageux facilement. Comme par exemple nos forfaits surf: \u0080 5 pour 1 GB et \u0080 10 pour 2 GB. Pas cher ! Active le forfait en envoyant un SMS, et le montant sera d\u00e9duit de ton cr\u00e9dit d&rsquo;appel.<br \/>\nLe forfait est valable pendant 30 jours.<\/p>\n<table>\n<tbody>\n<tr>\n<td><strong>Volume<\/strong><\/td>\n<td><strong>Prix<\/strong><\/td>\n<td><strong>Comment activer?<\/strong><\/td>\n<\/tr>\n<tr>\n<td>1 GB<\/td>\n<td>\u0080 5<\/td>\n<td>Envoie&nbsp;<strong>MEGASURF<\/strong>&nbsp;par sms au 1984<\/td>\n<\/tr>\n<tr>\n<td>2 GB<\/td>\n<td>\u0080 10<\/td>\n<td>Envoie&nbsp;<strong>SURFMAX<\/strong>&nbsp;par sms au 1984<\/td>\n<\/tr>\n<\/tbody>\n<\/table>\n<p>&nbsp;<\/p>\n<p>INSERT CORRECTE VERGELIJKING TARIEFPLAN FR<br \/>\n(10 euro = 30 min jimmobile)<\/p>\n<p>&nbsp;<\/p>\n<p>&nbsp;<\/p>\n<div class=\"alternative-em-block\" style=\"text-align: center;\"><span style=\"font-size: 18pt;\"><strong>Tarifs en Belgique:<\/strong><\/span><br \/>\n8 cent\/sms &#8211; 20 cent\/MB &#8211; 30 cent\/min<\/div>\n<p>&nbsp;<\/p>\n<p><b>D\u00e9couvre ce que tu peux faire avec 1 GB d&rsquo;internet mobile.&nbsp;<\/b><\/p>\n<p>16h et 40 min de musique en streaming (bas\u00e9 sur une moyenne de 1 MB\/min)<br \/>\nOu 4h et 45 min de videos kijken (bas\u00e9 sur une moyenne de 3,5 MB\/min)<br \/>\nOu 500 photos t\u00e9l\u00e9charg\u00e9es (bas\u00e9 sur une moyenne de 2 MB\/photo)<br \/>\nOu 20.408 mails envoy\u00e9s (bas\u00e9 sur une moyenne de 50 kb\/mail)<br \/>\nOu 7h de Youtube (bas\u00e9 sur une moyenne de 130 MB\/heure)<br \/>\nOu 10h de Spotify (bas\u00e9 sur une moyenne de 100 MB\/heure)<\/p>\n<p>&nbsp;<\/p>\n<div class=\"alternative-em-block\">\n<h3>Bon \u00e0 savoir<\/h3>\n<ol>\n<li style=\"font-weight: 400;\"><b>Nouveaut\u00e9 : <\/b><b>JIM Mobile poss\u00e8de d\u00e9sormais ses propres tickets de recharge.<\/b><span style=\"font-weight: 400;\">&nbsp;Tu trouveras les tickets de recharge JIM Mobile dans les supermarch\u00e9s, les stations-service, les magasins de nuit, les librairies et bpost pr\u00e8s de chez toi. Trouve un<\/span><a href=\"\/fr\/shop-locator\/\"> <span style=\"font-weight: 400;\">point de vente<\/span><\/a><span style=\"font-weight: 400;\"> pr\u00e8s de chez toi.<\/span><\/li>\n<li style=\"font-weight: 400;\"><b>Recharge en ligne = deux fois plus de m\u00e9gabytes.<\/b><span style=\"font-weight: 400;\"> Recharge rapidement via le site ou via<\/span><a href=\"\/fr\/lappli-jim-mobile\/\"> <span style=\"font-weight: 400;\">l\u0092appli<\/span><\/a><span style=\"font-weight: 400;\">.<\/span><\/li>\n<li style=\"font-weight: 400;\"><span style=\"font-weight: 400;\">Ton cr\u00e9dit d\u0092appel reste valable pendant 12 mois.<\/span><\/li>\n<li style=\"font-weight: 400;\"><b>Bonus gratuits :<\/b><span style=\"font-weight: 400;\"> En fonction du montant de ta recharge, tu re\u00e7ois un bonus sous la forme de m\u00e9gabytes gratuits, de SMS (illimit\u00e9s) et de minutes d\u0092appel suppl\u00e9mentaires vers JIM Mobile. Ces bonus sont valables 1 mois. Attention : si tu effectues une recharge en cours de mois, les minutes bonus et les SMS qu\u0092il te reste seront remplac\u00e9s par les nouveaux bonus.<\/span><\/li>\n<li style=\"font-weight: 400;\"><b>Surfe et appelle encore moins cher avec les packs avantages :<\/b><span style=\"font-weight: 400;\"> Utilise ton cr\u00e9dit d\u0092appel non seulement pour surfer et t\u00e9l\u00e9phoner, mais aussi pour acheter des<\/span><a href=\"\/fr\/options-et-services-carte-prepayee\/\"> <span style=\"font-weight: 400;\">packs avantages<\/span><\/a><span style=\"font-weight: 400;\">. Tu pourras ainsi surfer et t\u00e9l\u00e9phoner encore moins cher en Belgique et dans l\u0092UE.<\/span><\/li>\n<li style=\"font-weight: 400;\"><span style=\"font-weight: 400;\">JIM Mobile utilise le r\u00e9seau BASE.<\/span><\/li>\n<li style=\"font-weight: 400;\"><span style=\"font-weight: 400;\">Tu peux commander rapidement ta carte SIM en ligne. Ta carte SIM te sera envoy\u00e9e \u00e0 la maison par la poste.<\/span><\/li>\n<li style=\"font-weight: 400;\"><span style=\"font-weight: 400;\">Garde un \u009cil sur ta consommation<\/span><a href=\"\/fr\/lappli-jim-mobile\/\"> <span style=\"font-weight: 400;\">via l\u0092appli JIM Mobile<\/span><\/a><span style=\"font-weight: 400;\"><span style=\"font-weight: 400;\">, l\u0092espace client sur le site web ou en envoyant CONSULT par SMS au <strong>1984.<\/strong><\/span><\/span><\/li>\n<\/ol>\n<\/div>\n<div class=\"title parbase color-jim-blue section\">\n<div class=\"Title \">\n<h3><a class=\"cta-button\" href=\"\/fr\/e-services\/\">&nbsp; &nbsp; &nbsp; &nbsp; &nbsp; &nbsp; &nbsp; &nbsp;Commande ta carte SIM JIM Mobile&nbsp;&nbsp;&nbsp;&nbsp;&nbsp;&nbsp;&nbsp;&nbsp;&nbsp;&nbsp;&nbsp;&nbsp;&nbsp;&nbsp;&nbsp;<\/a><\/h3>\n<h3 style=\"text-align: center;\">POURQUOI COMMANDER EN LIGNE ?<\/h3>\n<ol>\n<li style=\"text-align: center;\">Acheter en ligne <strong>rapidement<\/strong> et <strong>en toute s\u00e9curit\u00e9<\/strong><\/li>\n<li style=\"text-align: center;\"><b>Livraison gratuite<\/b><\/li>\n<\/ol>\n<p>&nbsp;<\/p>\n<p>Avec une carte pr\u00e9pay\u00e9e de JIM Mobile tu re\u00e7ois de&nbsp;donn\u00e9es gratuit&nbsp;et des SMS illimit\u00e9s en plus de ton cr\u00e9dit d\u0092appel chaque fois que tu recharges \u00e0 partir de \u0080 10. A chaque recharge en ligne, tu re\u00e7ois encore plus de data, parce que nous savons que l\u0092internet mobile est tr\u00e8s important pour toi. De cette fa\u00e7on, tu re\u00e7ois avec la carte SIM de JIM Mobile plein de data, et tu peux t\u00e9l\u00e9phoner et envoyer des SMS moins cher. Commande ici ta carte SIM gratuite pour ton GSM ou smartphone. Les donn\u00e9es gratuites, les minutes et les SMS sont valables 1 mois en Belgique et dans la zone UE.&nbsp;Tu peux recharger \u00e0 partir de \u0080 5.<\/p>\n<p>&nbsp;<\/p>\n<p><span style=\"font-size: 8pt;\"><b>Conditions et tarifs<br \/>\n<\/b>Tous les tarifs JIM Mobile sont soumis aux conditions g\u00e9n\u00e9rales de Unleashed S.A., sont r\u00e9serv\u00e9s \u00e0 un usage personnel et priv\u00e9 et sont uniquement d\u0092application pour les appels et les SMS nationaux, hors num\u00e9ros sp\u00e9ciaux et services de tiers. Tu peux faire usage de ces services de tiers, mais ces usages te seront factur\u00e9s en dehors de tes forfaits. Les SMS, les minutes d\u0092appels et les MB gratuits re\u00e7us apr\u00e8s une recharge sont valables pendant 1 mois en Belgique et l&rsquo;UE et ne sont pas valables vers les num\u00e9ros sp\u00e9ciaux. A chaque rechargement les minutes, SMS et MB inutilis\u00e9s tombent. A la recharge de 5 euros tu re\u00e7ois 50 SMS en plus de ton cr\u00e9dit d&rsquo;appel. Le cr\u00e9dit d\u0092appel est valable pendant 12 mois. Tu paies pour la premi\u00e8re minute; par la suite par seconde. Pour conna\u00eetre les tarifs vers les num\u00e9ros sp\u00e9ciaux (070, 077, 0900\u0085), envoie un courriel \u00e0 infot@jimmobile.be&nbsp;ou appelle le 1984 (gratuit en Belgique) ou le +32 (0) 456 19 19 84 chaque jour entre 8h30 et 17h.<\/span><\/p>\n<\/div>\n<p>&nbsp;<\/p>\n<\/div>\n","protected":false},"excerpt":{"rendered":"Ton cr\u00e9dit d&rsquo;appel de ta carte pr\u00e9pay\u00e9e ne sert plus uniquement \u00e0 surfer, appeler, et envoyer des SMS \u00e0 petit prix. Tu l&rsquo;utilises aussi pour acheter des forfaits avantageux facilement. Comme par exemple nos forfaits surf: \u0080 5 pour 1 GB et \u0080 10 pour 2 GB. Pas cher ! Active le forfait en envoyant [&hellip;]","protected":false},"author":12,"featured_media":0,"parent":0,"menu_order":0,"comment_status":"closed","ping_status":"closed","template":"","meta":{"footnotes":"","_locale":"fr_BE","_original_post":"623"},"yst_prominent_words":[],"acf":[],"_links":{"self":[{"href":"https:\/\/jimmobile.be\/wp-json\/wp\/v2\/pages\/625"}],"collection":[{"href":"https:\/\/jimmobile.be\/wp-json\/wp\/v2\/pages"}],"about":[{"href":"https:\/\/jimmobile.be\/wp-json\/wp\/v2\/types\/page"}],"author":[{"embeddable":true,"href":"https:\/\/jimmobile.be\/wp-json\/wp\/v2\/users\/12"}],"replies":[{"embeddable":true,"href":"https:\/\/jimmobile.be\/wp-json\/wp\/v2\/comments?post=625"}],"version-history":[{"count":19,"href":"https:\/\/jimmobile.be\/wp-json\/wp\/v2\/pages\/625\/revisions"}],"predecessor-version":[{"id":4051,"href":"https:\/\/jimmobile.be\/wp-json\/wp\/v2\/pages\/625\/revisions\/4051"}],"wp:attachment":[{"href":"https:\/\/jimmobile.be\/wp-json\/wp\/v2\/media?parent=625"}],"wp:term":[{"taxonomy":"yst_prominent_words","embeddable":true,"href":"https:\/\/jimmobile.be\/wp-json\/wp\/v2\/yst_prominent_words?post=625"}],"curies":[{"name":"wp","href":"https:\/\/api.w.org\/{rel}","templated":true}]}}