{"id":75,"date":"2017-01-25T10:09:09","date_gmt":"2017-01-25T09:09:09","guid":{"rendered":"https:\/\/jimmobile.be\/fr\/options-et-services"},"modified":"2019-08-14T15:17:12","modified_gmt":"2019-08-14T15:17:12","slug":"options-et-services","status":"publish","type":"page","link":"https:\/\/jimmobile.be\/fr\/options-et-services\/","title":{"rendered":"Options et services"},"content":{"rendered":"<h1>Ajoute des options et services suppl\u00e9mentaires \u00e0 ton abonnement ou \u00e0 ta carte SIM pr\u00e9pay\u00e9e<\/h1>\n<p>Active des options et services suppl\u00e9mentaires pour que ton abonnement ou ta carte SIM pr\u00e9pay\u00e9e corresponde encore mieux \u00e0 ta consommation.<\/p>\n<h4><em>D\u00e9couvre toutes les options et tous les services suppl\u00e9mentaires que tu peux ajouter.<\/em><\/h4>\n<p>&nbsp;<\/p>\n<div class=\"alternatives-2\">&nbsp;&nbsp;<a href=\"\/fr\/options-et-services-abonnement\/\"><img decoding=\"async\" loading=\"lazy\" class=\"alignright wp-image-346 size-full\" title=\"Options et services\" src=\"https:\/\/ire-s3-prod-unl-jim-web.s3.eu-west-1.amazonaws.com\/wp-content\/uploads\/2017\/03\/21153628\/oes_abonnement.png\" alt=\"Options et services pour les abonnements\" width=\"200\" height=\"210\"><\/a><br \/>\n<a href=\"\/fr\/options-et-services-carte-prepayee\/\"><img decoding=\"async\" loading=\"lazy\" class=\"alignleft wp-image-347 size-full\" title=\"Options et services\" src=\"https:\/\/ire-s3-prod-unl-jim-web.s3.eu-west-1.amazonaws.com\/wp-content\/uploads\/2017\/03\/21153627\/oes_cartePrepayee.png\" alt=\"Options et services pour les cartes pr\u00e9pay\u00e9es\" width=\"200\" height=\"210\"><\/a><\/div>\n<div class=\"quick-links\">\n<h3>Liens utiles<\/h3>\n<div class=\"quick-links-container\"><a class=\"quick-link\" href=\"\/fr\/lappli-jim-mobile\/\"><img decoding=\"async\" class=\"size-full wp-image-427 alignleft\" src=\"https:\/\/ire-s3-prod-unl-jim-web.s3.eu-west-1.amazonaws.com\/wp-content\/uploads\/2017\/03\/21153629\/jim_icon.png\" alt=\"\">L&rsquo;appli JIM Mobile<\/a><br \/>\n<a class=\"quick-link\" href=\"\/fr\/tarifs-internationaux-et-roaming\/\"><img decoding=\"async\" class=\"size-full wp-image-430 alignleft\" src=\"https:\/\/ire-s3-prod-unl-jim-web.s3.eu-west-1.amazonaws.com\/wp-content\/uploads\/2017\/03\/21153634\/earth_icon.png\" alt=\"\">Tarifs internationaux<\/a><br \/>\n<a class=\"quick-link\" href=\"\/fr\/configurer-ton-gsm\/\"><img decoding=\"async\" class=\"size-full wp-image-423 alignleft\" src=\"https:\/\/ire-s3-prod-unl-jim-web.s3.eu-west-1.amazonaws.com\/wp-content\/uploads\/2017\/03\/21153625\/tools_icon.png\" alt=\"\">Configure ton GSM<\/a><\/div>\n<\/div>\n","protected":false},"excerpt":{"rendered":"Ajoute des options et services suppl\u00e9mentaires \u00e0 ton abonnement ou \u00e0 ta carte SIM pr\u00e9pay\u00e9e Active des options et services suppl\u00e9mentaires pour que ton abonnement ou ta carte SIM pr\u00e9pay\u00e9e corresponde encore mieux \u00e0 ta consommation. D\u00e9couvre toutes les options et tous les services suppl\u00e9mentaires que tu peux ajouter. &nbsp; &nbsp;&nbsp; Liens utiles L&rsquo;appli JIM [&hellip;]","protected":false},"author":12,"featured_media":1579,"parent":0,"menu_order":0,"comment_status":"closed","ping_status":"closed","template":"","meta":{"footnotes":"","_locale":"fr_BE","_original_post":"27"},"yst_prominent_words":[],"acf":[],"_links":{"self":[{"href":"https:\/\/jimmobile.be\/wp-json\/wp\/v2\/pages\/75"}],"collection":[{"href":"https:\/\/jimmobile.be\/wp-json\/wp\/v2\/pages"}],"about":[{"href":"https:\/\/jimmobile.be\/wp-json\/wp\/v2\/types\/page"}],"author":[{"embeddable":true,"href":"https:\/\/jimmobile.be\/wp-json\/wp\/v2\/users\/12"}],"replies":[{"embeddable":true,"href":"https:\/\/jimmobile.be\/wp-json\/wp\/v2\/comments?post=75"}],"version-history":[{"count":15,"href":"https:\/\/jimmobile.be\/wp-json\/wp\/v2\/pages\/75\/revisions"}],"predecessor-version":[{"id":4338,"href":"https:\/\/jimmobile.be\/wp-json\/wp\/v2\/pages\/75\/revisions\/4338"}],"wp:featuredmedia":[{"embeddable":true,"href":"https:\/\/jimmobile.be\/wp-json\/wp\/v2\/media\/1579"}],"wp:attachment":[{"href":"https:\/\/jimmobile.be\/wp-json\/wp\/v2\/media?parent=75"}],"wp:term":[{"taxonomy":"yst_prominent_words","embeddable":true,"href":"https:\/\/jimmobile.be\/wp-json\/wp\/v2\/yst_prominent_words?post=75"}],"curies":[{"name":"wp","href":"https:\/\/api.w.org\/{rel}","templated":true}]}}